{"id":9386,"date":"2024-09-20T11:44:58","date_gmt":"2024-09-20T11:44:58","guid":{"rendered":"https:\/\/vpwhite.com\/?page_id=9386"},"modified":"2025-07-07T13:24:26","modified_gmt":"2025-07-07T13:24:26","slug":"extention","status":"publish","type":"page","link":"https:\/\/vpwhite.com\/en\/extention\/","title":{"rendered":"Extension"},"content":{"rendered":"<div data-elementor-type=\"wp-page\" data-elementor-id=\"9386\" class=\"elementor elementor-9386\" data-elementor-post-type=\"page\">\n\t\t\t\t<div class=\"elementor-element elementor-element-6ed964d e-con-full e-flex e-con e-parent\" data-id=\"6ed964d\" data-element_type=\"container\" data-e-type=\"container\">\n\t\t<div class=\"elementor-element elementor-element-6111192 e-con-full e-flex e-con e-child\" data-id=\"6111192\" data-element_type=\"container\" data-e-type=\"container\" data-settings=\"{&quot;background_background&quot;:&quot;classic&quot;}\">\n\t\t\t\t<div class=\"elementor-element elementor-element-b24f497 elementor-widget elementor-widget-spacer\" data-id=\"b24f497\" data-element_type=\"widget\" data-e-type=\"widget\" data-widget_type=\"spacer.default\">\n\t\t\t\t\t\t\t<div class=\"elementor-spacer\">\n\t\t\t<div class=\"elementor-spacer-inner\"><\/div>\n\t\t<\/div>\n\t\t\t\t\t\t<\/div>\n\t\t\t\t<\/div>\n\t\t<div class=\"elementor-element elementor-element-6908937 e-con-full e-flex e-con e-child\" data-id=\"6908937\" data-element_type=\"container\" data-e-type=\"container\">\n\t\t\t\t<div class=\"elementor-element elementor-element-1968d18 elementor-widget elementor-widget-image\" data-id=\"1968d18\" data-element_type=\"widget\" data-e-type=\"widget\" data-widget_type=\"image.default\">\n\t\t\t\t\t\t\t\t\t\t\t\t\t\t\t<img fetchpriority=\"high\" decoding=\"async\" width=\"800\" height=\"198\" src=\"https:\/\/vpwhite.com\/wp-content\/uploads\/2023\/11\/Logo-extension-1-1024x254.png\" class=\"attachment-large size-large wp-image-298\" alt=\"\" srcset=\"https:\/\/vpwhite.com\/wp-content\/uploads\/2023\/11\/Logo-extension-1-1024x254.png 1024w, https:\/\/vpwhite.com\/wp-content\/uploads\/2023\/11\/Logo-extension-1-300x74.png 300w, https:\/\/vpwhite.com\/wp-content\/uploads\/2023\/11\/Logo-extension-1-768x190.png 768w, https:\/\/vpwhite.com\/wp-content\/uploads\/2023\/11\/Logo-extension-1-1536x381.png 1536w, https:\/\/vpwhite.com\/wp-content\/uploads\/2023\/11\/Logo-extension-1-2048x508.png 2048w\" sizes=\"(max-width: 800px) 100vw, 800px\" \/>\t\t\t\t\t\t\t\t\t\t\t\t\t\t\t<\/div>\n\t\t\t\t<div class=\"elementor-element elementor-element-902dddc elementor-widget-mobile__width-inherit elementor-widget elementor-widget-heading\" data-id=\"902dddc\" data-element_type=\"widget\" data-e-type=\"widget\" data-widget_type=\"heading.default\">\n\t\t\t\t\t<h2 class=\"elementor-heading-title elementor-size-default\">Optimise your property portfolio budget planning<\/h2>\t\t\t\t<\/div>\n\t\t\t\t<\/div>\n\t\t\t\t<\/div>\n\t\t<div class=\"elementor-element elementor-element-81b3d21 e-flex e-con-boxed e-con e-parent\" data-id=\"81b3d21\" data-element_type=\"container\" data-e-type=\"container\">\n\t\t\t\t\t<div class=\"e-con-inner\">\n\t\t<div class=\"elementor-element elementor-element-7f258c8 e-con-full e-flex e-con e-child\" data-id=\"7f258c8\" data-element_type=\"container\" data-e-type=\"container\">\n\t\t\t\t<div class=\"elementor-element elementor-element-6ecdbf2 elementor-widget__width-initial elementor-widget-tablet__width-inherit elementor-widget elementor-widget-text-editor\" data-id=\"6ecdbf2\" data-element_type=\"widget\" data-e-type=\"widget\" data-widget_type=\"text-editor.default\">\n\t\t\t\t\t\t\t\t\tSince 2010, we have been supporting ministries and large institutions in the management of their real estate assets. In collaboration with our clients, we have innovated by creating a solution dedicated to the digitalisation of their property budgeting.<br><br>Extension, our property performance solution, offers simplified management of your operations and real-time control of your budget planning.<br><br>Adapted to your needs, unique in its complementarity, customisable according to your requirements, reliable and durable. The Extension solution is a true digital partner in your daily life.\t\t\t\t\t\t\t\t<\/div>\n\t\t\t\t<\/div>\n\t\t\t\t\t<\/div>\n\t\t\t\t<\/div>\n\t\t<div class=\"elementor-element elementor-element-ccd2621 e-con-full e-flex e-con e-parent\" data-id=\"ccd2621\" data-element_type=\"container\" data-e-type=\"container\" data-settings=\"{&quot;background_background&quot;:&quot;classic&quot;}\">\n\t\t<div class=\"elementor-element elementor-element-8b918ec e-flex e-con-boxed e-con e-child\" data-id=\"8b918ec\" data-element_type=\"container\" data-e-type=\"container\">\n\t\t\t\t\t<div class=\"e-con-inner\">\n\t\t\t\t<div class=\"elementor-element elementor-element-a11e31c elementor-widget elementor-widget-heading\" data-id=\"a11e31c\" data-element_type=\"widget\" data-e-type=\"widget\" data-widget_type=\"heading.default\">\n\t\t\t\t\t<h3 class=\"elementor-heading-title elementor-size-default\">Enhance the efficiency of your budget planning.<\/h3>\t\t\t\t<\/div>\n\t\t\t\t\t<\/div>\n\t\t\t\t<\/div>\n\t\t<div class=\"elementor-element elementor-element-355186f e-flex e-con-boxed e-con e-child\" data-id=\"355186f\" data-element_type=\"container\" data-e-type=\"container\">\n\t\t\t\t\t<div class=\"e-con-inner\">\n\t\t<div class=\"elementor-element elementor-element-79c92f4 e-con-full e-flex e-con e-child\" data-id=\"79c92f4\" data-element_type=\"container\" data-e-type=\"container\">\n\t\t<div class=\"elementor-element elementor-element-7499467 e-con-full e-flex e-con e-child\" data-id=\"7499467\" data-element_type=\"container\" data-e-type=\"container\" data-settings=\"{&quot;background_background&quot;:&quot;classic&quot;}\">\n\t\t\t\t<div class=\"elementor-element elementor-element-a974c74 elementor-widget elementor-widget-heading\" data-id=\"a974c74\" data-element_type=\"widget\" data-e-type=\"widget\" data-widget_type=\"heading.default\">\n\t\t\t\t\t<h5 class=\"elementor-heading-title elementor-size-default\">Facilitate<\/h5>\t\t\t\t<\/div>\n\t\t\t\t<div class=\"elementor-element elementor-element-684d2f6 elementor-widget__width-inherit elementor-widget elementor-widget-text-editor\" data-id=\"684d2f6\" data-element_type=\"widget\" data-e-type=\"widget\" data-widget_type=\"text-editor.default\">\n\t\t\t\t\t\t\t\t\tThe implementation and usage of the solution\t\t\t\t\t\t\t\t<\/div>\n\t\t\t\t<\/div>\n\t\t<div class=\"elementor-element elementor-element-63940a7 e-con-full e-flex e-con e-child\" data-id=\"63940a7\" data-element_type=\"container\" data-e-type=\"container\" data-settings=\"{&quot;background_background&quot;:&quot;classic&quot;}\">\n\t\t\t\t<div class=\"elementor-element elementor-element-298154b elementor-widget elementor-widget-heading\" data-id=\"298154b\" data-element_type=\"widget\" data-e-type=\"widget\" data-widget_type=\"heading.default\">\n\t\t\t\t\t<h5 class=\"elementor-heading-title elementor-size-default\">Streamline<\/h5>\t\t\t\t<\/div>\n\t\t\t\t<div class=\"elementor-element elementor-element-93c369b elementor-widget__width-inherit elementor-widget elementor-widget-text-editor\" data-id=\"93c369b\" data-element_type=\"widget\" data-e-type=\"widget\" data-widget_type=\"text-editor.default\">\n\t\t\t\t\t\t\t\t\tThe data according to the progress process\t\t\t\t\t\t\t\t<\/div>\n\t\t\t\t<\/div>\n\t\t<div class=\"elementor-element elementor-element-ffd3ac7 e-con-full e-flex e-con e-child\" data-id=\"ffd3ac7\" data-element_type=\"container\" data-e-type=\"container\" data-settings=\"{&quot;background_background&quot;:&quot;classic&quot;}\">\n\t\t\t\t<div class=\"elementor-element elementor-element-c83e20b elementor-widget elementor-widget-heading\" data-id=\"c83e20b\" data-element_type=\"widget\" data-e-type=\"widget\" data-widget_type=\"heading.default\">\n\t\t\t\t\t<h5 class=\"elementor-heading-title elementor-size-default\">Share<\/h5>\t\t\t\t<\/div>\n\t\t\t\t<div class=\"elementor-element elementor-element-35a49e0 elementor-widget__width-inherit elementor-widget elementor-widget-text-editor\" data-id=\"35a49e0\" data-element_type=\"widget\" data-e-type=\"widget\" data-widget_type=\"text-editor.default\">\n\t\t\t\t\t\t\t\t\tInformation efficiently between services and stakeholders\t\t\t\t\t\t\t\t<\/div>\n\t\t\t\t<\/div>\n\t\t<div class=\"elementor-element elementor-element-5adb09c e-con-full e-flex e-con e-child\" data-id=\"5adb09c\" data-element_type=\"container\" data-e-type=\"container\" data-settings=\"{&quot;background_background&quot;:&quot;classic&quot;}\">\n\t\t\t\t<div class=\"elementor-element elementor-element-a134b99 elementor-widget elementor-widget-heading\" data-id=\"a134b99\" data-element_type=\"widget\" data-e-type=\"widget\" data-widget_type=\"heading.default\">\n\t\t\t\t\t<h5 class=\"elementor-heading-title elementor-size-default\">Pilot<\/h5>\t\t\t\t<\/div>\n\t\t\t\t<div class=\"elementor-element elementor-element-bf83468 elementor-widget__width-inherit elementor-widget elementor-widget-text-editor\" data-id=\"bf83468\" data-element_type=\"widget\" data-e-type=\"widget\" data-widget_type=\"text-editor.default\">\n\t\t\t\t\t\t\t\t\tYour real estate operations in a continuous and targeted manner\t\t\t\t\t\t\t\t<\/div>\n\t\t\t\t<\/div>\n\t\t\t\t<\/div>\n\t\t\t\t\t<\/div>\n\t\t\t\t<\/div>\n\t\t\t\t<\/div>\n\t\t<div class=\"elementor-element elementor-element-2819676 e-flex e-con-boxed e-con e-parent\" data-id=\"2819676\" data-element_type=\"container\" data-e-type=\"container\">\n\t\t\t\t\t<div class=\"e-con-inner\">\n\t\t\t\t<div class=\"elementor-element elementor-element-86daa7a elementor-widget elementor-widget-heading\" data-id=\"86daa7a\" data-element_type=\"widget\" data-e-type=\"widget\" data-widget_type=\"heading.default\">\n\t\t\t\t\t<h2 class=\"elementor-heading-title elementor-size-default\">Tailored offers according to your need<\/h2>\t\t\t\t<\/div>\n\t\t<div class=\"elementor-element elementor-element-0c51194 e-con-full e-flex e-con e-child\" data-id=\"0c51194\" data-element_type=\"container\" data-e-type=\"container\">\n\t\t<div class=\"elementor-element elementor-element-e7f000d e-con-full e-flex e-con e-child\" data-id=\"e7f000d\" data-element_type=\"container\" data-e-type=\"container\">\n\t\t\t\t<div class=\"elementor-element elementor-element-d64ac47 elementor-widget elementor-widget-heading\" data-id=\"d64ac47\" data-element_type=\"widget\" data-e-type=\"widget\" data-widget_type=\"heading.default\">\n\t\t\t\t\t<h3 class=\"elementor-heading-title elementor-size-default\">Manage and simplify your operations<\/h3>\t\t\t\t<\/div>\n\t\t\t\t<div class=\"elementor-element elementor-element-de4a97b elementor-widget__width-inherit elementor-widget elementor-widget-text-editor\" data-id=\"de4a97b\" data-element_type=\"widget\" data-e-type=\"widget\" data-widget_type=\"text-editor.default\">\n\t\t\t\t\t\t\t\t\tAccess a single repository to create and monitor all real estate transactions in a simplified manner.\n\t\t\t\t\t\t\t\t<\/div>\n\t\t\t\t<\/div>\n\t\t\t\t<div class=\"elementor-element elementor-element-b1afcd7 elementor-widget elementor-widget-image\" data-id=\"b1afcd7\" data-element_type=\"widget\" data-e-type=\"widget\" data-widget_type=\"image.default\">\n\t\t\t\t\t\t\t\t\t\t\t\t\t\t\t<img decoding=\"async\" width=\"982\" height=\"738\" src=\"https:\/\/vpwhite.com\/wp-content\/uploads\/2024\/09\/Extension_Operations.webp\" class=\"attachment-full size-full wp-image-9394\" alt=\"\" srcset=\"https:\/\/vpwhite.com\/wp-content\/uploads\/2024\/09\/Extension_Operations.webp 982w, https:\/\/vpwhite.com\/wp-content\/uploads\/2024\/09\/Extension_Operations-300x225.webp 300w, https:\/\/vpwhite.com\/wp-content\/uploads\/2024\/09\/Extension_Operations-768x577.webp 768w, https:\/\/vpwhite.com\/wp-content\/uploads\/2024\/09\/Extension_Operations-16x12.webp 16w\" sizes=\"(max-width: 982px) 100vw, 982px\" \/>\t\t\t\t\t\t\t\t\t\t\t\t\t\t\t<\/div>\n\t\t\t\t<\/div>\n\t\t<div class=\"elementor-element elementor-element-955c9df e-con-full e-flex e-con e-child\" data-id=\"955c9df\" data-element_type=\"container\" data-e-type=\"container\">\n\t\t\t\t<div class=\"elementor-element elementor-element-24614c0 elementor-widget elementor-widget-image\" data-id=\"24614c0\" data-element_type=\"widget\" data-e-type=\"widget\" data-widget_type=\"image.default\">\n\t\t\t\t\t\t\t\t\t\t\t\t\t\t\t<img decoding=\"async\" width=\"999\" height=\"719\" src=\"https:\/\/vpwhite.com\/wp-content\/uploads\/2024\/09\/Extension_Programmation.webp\" class=\"attachment-full size-full wp-image-9395\" alt=\"\" srcset=\"https:\/\/vpwhite.com\/wp-content\/uploads\/2024\/09\/Extension_Programmation.webp 999w, https:\/\/vpwhite.com\/wp-content\/uploads\/2024\/09\/Extension_Programmation-300x216.webp 300w, https:\/\/vpwhite.com\/wp-content\/uploads\/2024\/09\/Extension_Programmation-768x553.webp 768w, https:\/\/vpwhite.com\/wp-content\/uploads\/2024\/09\/Extension_Programmation-18x12.webp 18w\" sizes=\"(max-width: 999px) 100vw, 999px\" \/>\t\t\t\t\t\t\t\t\t\t\t\t\t\t\t<\/div>\n\t\t<div class=\"elementor-element elementor-element-acfec63 e-con-full e-flex e-con e-child\" data-id=\"acfec63\" data-element_type=\"container\" data-e-type=\"container\">\n\t\t\t\t<div class=\"elementor-element elementor-element-c81ac08 elementor-widget elementor-widget-heading\" data-id=\"c81ac08\" data-element_type=\"widget\" data-e-type=\"widget\" data-widget_type=\"heading.default\">\n\t\t\t\t\t<h3 class=\"elementor-heading-title elementor-size-default\">Manage your budgetary planning<\/h3>\t\t\t\t<\/div>\n\t\t\t\t<div class=\"elementor-element elementor-element-3f25f4e elementor-widget__width-inherit elementor-widget elementor-widget-text-editor\" data-id=\"3f25f4e\" data-element_type=\"widget\" data-e-type=\"widget\" data-widget_type=\"text-editor.default\">\n\t\t\t\t\t\t\t\t\tVisualise in real time the impact of your trade-offs and dynamically reallocate your resources to manage your budgets throughout the current and future fiscal years.\t\t\t\t\t\t\t\t<\/div>\n\t\t\t\t<\/div>\n\t\t\t\t<\/div>\n\t\t<div class=\"elementor-element elementor-element-1cb14d4 e-con-full e-flex e-con e-child\" data-id=\"1cb14d4\" data-element_type=\"container\" data-e-type=\"container\">\n\t\t<div class=\"elementor-element elementor-element-7b2d6eb e-con-full e-flex e-con e-child\" data-id=\"7b2d6eb\" data-element_type=\"container\" data-e-type=\"container\">\n\t\t\t\t<div class=\"elementor-element elementor-element-d889077 elementor-widget elementor-widget-heading\" data-id=\"d889077\" data-element_type=\"widget\" data-e-type=\"widget\" data-widget_type=\"heading.default\">\n\t\t\t\t\t<h3 class=\"elementor-heading-title elementor-size-default\">Customise your monitoring and reporting<\/h3>\t\t\t\t<\/div>\n\t\t\t\t<div class=\"elementor-element elementor-element-3d8a531 elementor-widget__width-inherit elementor-widget elementor-widget-text-editor\" data-id=\"3d8a531\" data-element_type=\"widget\" data-e-type=\"widget\" data-widget_type=\"text-editor.default\">\n\t\t\t\t\t\t\t\t\tAccess targeted data according to your profiles, generate specific reports to intervene only on the actions to be carried out and gain in efficiency.\t\t\t\t\t\t\t\t<\/div>\n\t\t\t\t<\/div>\n\t\t\t\t<div class=\"elementor-element elementor-element-d5742b0 elementor-widget elementor-widget-image\" data-id=\"d5742b0\" data-element_type=\"widget\" data-e-type=\"widget\" data-widget_type=\"image.default\">\n\t\t\t\t\t\t\t\t\t\t\t\t\t\t\t<img loading=\"lazy\" decoding=\"async\" width=\"996\" height=\"761\" src=\"https:\/\/vpwhite.com\/wp-content\/uploads\/2024\/09\/Extension_Suivis.webp\" class=\"attachment-full size-full wp-image-9396\" alt=\"\" srcset=\"https:\/\/vpwhite.com\/wp-content\/uploads\/2024\/09\/Extension_Suivis.webp 996w, https:\/\/vpwhite.com\/wp-content\/uploads\/2024\/09\/Extension_Suivis-300x229.webp 300w, https:\/\/vpwhite.com\/wp-content\/uploads\/2024\/09\/Extension_Suivis-768x587.webp 768w, https:\/\/vpwhite.com\/wp-content\/uploads\/2024\/09\/Extension_Suivis-16x12.webp 16w\" sizes=\"(max-width: 996px) 100vw, 996px\" \/>\t\t\t\t\t\t\t\t\t\t\t\t\t\t\t<\/div>\n\t\t\t\t<\/div>\n\t\t\t\t\t<\/div>\n\t\t\t\t<\/div>\n\t\t<div class=\"elementor-element elementor-element-d135394 e-con-full e-flex e-con e-parent\" data-id=\"d135394\" data-element_type=\"container\" data-e-type=\"container\">\n\t\t<div class=\"elementor-element elementor-element-f76232c e-con-full e-flex e-con e-child\" data-id=\"f76232c\" data-element_type=\"container\" data-e-type=\"container\" data-settings=\"{&quot;background_background&quot;:&quot;classic&quot;}\">\n\t\t<div class=\"elementor-element elementor-element-730852a e-flex e-con-boxed e-con e-child\" data-id=\"730852a\" data-element_type=\"container\" data-e-type=\"container\">\n\t\t\t\t\t<div class=\"e-con-inner\">\n\t\t\t\t<div class=\"elementor-element elementor-element-1950f33 elementor-widget__width-initial elementor-widget elementor-widget-heading\" data-id=\"1950f33\" data-element_type=\"widget\" data-e-type=\"widget\" data-widget_type=\"heading.default\">\n\t\t\t\t\t<h2 class=\"elementor-heading-title elementor-size-default\">See for yourself how Extension can simplify your real estate budget management.<\/h2>\t\t\t\t<\/div>\n\t\t\t\t<div class=\"elementor-element elementor-element-ff29ff2 elementor-widget elementor-widget-button\" data-id=\"ff29ff2\" data-element_type=\"widget\" data-e-type=\"widget\" data-widget_type=\"button.default\">\n\t\t\t\t\t\t\t\t\t\t<a class=\"elementor-button elementor-button-link elementor-size-sm\" href=\"\/en\/contact\/\">\n\t\t\t\t\t\t<span class=\"elementor-button-content-wrapper\">\n\t\t\t\t\t\t\t\t\t<span class=\"elementor-button-text\">Contact us now<\/span>\n\t\t\t\t\t<\/span>\n\t\t\t\t\t<\/a>\n\t\t\t\t\t\t\t\t<\/div>\n\t\t\t\t\t<\/div>\n\t\t\t\t<\/div>\n\t\t\t\t<\/div>\n\t\t\t\t<\/div>\n\t\t\t\t<\/div>","protected":false},"excerpt":{"rendered":"<p>Optimiser votre programmation budg\u00e9taire immobili\u00e8re Depuis 2010, nous accompagnons les minist\u00e8res et les grandes institutions dans la gestion de leur parc immobilier. En collaboration avec nos clients, nous avons innov\u00e9 pour cr\u00e9er une nouvelle solution d\u00e9di\u00e9e \u00e0 la digitalisation de leur programmation budg\u00e9taire immobili\u00e8re. Extension, notre solution de performance immobili\u00e8re offre une gestion simplifi\u00e9e de [&hellip;]<\/p>\n","protected":false},"author":1,"featured_media":0,"parent":0,"menu_order":0,"comment_status":"closed","ping_status":"closed","template":"","meta":{"_monsterinsights_skip_tracking":false,"_monsterinsights_sitenote_active":false,"_monsterinsights_sitenote_note":"","_monsterinsights_sitenote_category":0,"footnotes":""},"class_list":["post-9386","page","type-page","status-publish","hentry"],"yoast_head":"<!-- This site is optimized with the Yoast SEO plugin v27.4 - https:\/\/yoast.com\/product\/yoast-seo-wordpress\/ -->\n<title>Extension - VPWhite<\/title>\n<meta name=\"robots\" content=\"index, follow, max-snippet:-1, max-image-preview:large, max-video-preview:-1\" \/>\n<link rel=\"canonical\" href=\"https:\/\/vpwhite.com\/en\/extention\/\" \/>\n<meta property=\"og:locale\" content=\"en_GB\" \/>\n<meta property=\"og:type\" content=\"article\" \/>\n<meta property=\"og:title\" content=\"Extension - VPWhite\" \/>\n<meta property=\"og:description\" content=\"Optimiser votre programmation budg\u00e9taire immobili\u00e8re Depuis 2010, nous accompagnons les minist\u00e8res et les grandes institutions dans la gestion de leur parc immobilier. En collaboration avec nos clients, nous avons innov\u00e9 pour cr\u00e9er une nouvelle solution d\u00e9di\u00e9e \u00e0 la digitalisation de leur programmation budg\u00e9taire immobili\u00e8re. Extension, notre solution de performance immobili\u00e8re offre une gestion simplifi\u00e9e de [&hellip;]\" \/>\n<meta property=\"og:url\" content=\"https:\/\/vpwhite.com\/en\/extention\/\" \/>\n<meta property=\"og:site_name\" content=\"VPWhite\" \/>\n<meta property=\"article:modified_time\" content=\"2025-07-07T13:24:26+00:00\" \/>\n<meta property=\"og:image\" content=\"https:\/\/vpwhite.com\/wp-content\/uploads\/2023\/11\/Logo-extension-1-1024x254.png\" \/>\n<meta name=\"twitter:card\" content=\"summary_large_image\" \/>\n<meta name=\"twitter:label1\" content=\"Estimated reading time\" \/>\n\t<meta name=\"twitter:data1\" content=\"2 minutes\" \/>\n<script type=\"application\/ld+json\" class=\"yoast-schema-graph\">{\"@context\":\"https:\\\/\\\/schema.org\",\"@graph\":[{\"@type\":\"WebPage\",\"@id\":\"https:\\\/\\\/vpwhite.com\\\/extention\\\/\",\"url\":\"https:\\\/\\\/vpwhite.com\\\/extention\\\/\",\"name\":\"Extension - VPWhite\",\"isPartOf\":{\"@id\":\"https:\\\/\\\/vpwhite.com\\\/en\\\/#website\"},\"primaryImageOfPage\":{\"@id\":\"https:\\\/\\\/vpwhite.com\\\/extention\\\/#primaryimage\"},\"image\":{\"@id\":\"https:\\\/\\\/vpwhite.com\\\/extention\\\/#primaryimage\"},\"thumbnailUrl\":\"https:\\\/\\\/vpwhite.com\\\/wp-content\\\/uploads\\\/2023\\\/11\\\/Logo-extension-1-1024x254.png\",\"datePublished\":\"2024-09-20T11:44:58+00:00\",\"dateModified\":\"2025-07-07T13:24:26+00:00\",\"breadcrumb\":{\"@id\":\"https:\\\/\\\/vpwhite.com\\\/extention\\\/#breadcrumb\"},\"inLanguage\":\"en-GB\",\"potentialAction\":[{\"@type\":\"ReadAction\",\"target\":[\"https:\\\/\\\/vpwhite.com\\\/extention\\\/\"]}]},{\"@type\":\"ImageObject\",\"inLanguage\":\"en-GB\",\"@id\":\"https:\\\/\\\/vpwhite.com\\\/extention\\\/#primaryimage\",\"url\":\"https:\\\/\\\/vpwhite.com\\\/wp-content\\\/uploads\\\/2023\\\/11\\\/Logo-extension-1-1024x254.png\",\"contentUrl\":\"https:\\\/\\\/vpwhite.com\\\/wp-content\\\/uploads\\\/2023\\\/11\\\/Logo-extension-1-1024x254.png\"},{\"@type\":\"BreadcrumbList\",\"@id\":\"https:\\\/\\\/vpwhite.com\\\/extention\\\/#breadcrumb\",\"itemListElement\":[{\"@type\":\"ListItem\",\"position\":1,\"name\":\"Accueil\",\"item\":\"https:\\\/\\\/vpwhite.com\\\/\"},{\"@type\":\"ListItem\",\"position\":2,\"name\":\"Extension\"}]},{\"@type\":\"WebSite\",\"@id\":\"https:\\\/\\\/vpwhite.com\\\/en\\\/#website\",\"url\":\"https:\\\/\\\/vpwhite.com\\\/en\\\/\",\"name\":\"VPWhite\",\"description\":\"Drive to improve\",\"publisher\":{\"@id\":\"https:\\\/\\\/vpwhite.com\\\/en\\\/#organization\"},\"potentialAction\":[{\"@type\":\"SearchAction\",\"target\":{\"@type\":\"EntryPoint\",\"urlTemplate\":\"https:\\\/\\\/vpwhite.com\\\/en\\\/?s={search_term_string}\"},\"query-input\":{\"@type\":\"PropertyValueSpecification\",\"valueRequired\":true,\"valueName\":\"search_term_string\"}}],\"inLanguage\":\"en-GB\"},{\"@type\":\"Organization\",\"@id\":\"https:\\\/\\\/vpwhite.com\\\/en\\\/#organization\",\"name\":\"VPWhite\",\"url\":\"https:\\\/\\\/vpwhite.com\\\/en\\\/\",\"logo\":{\"@type\":\"ImageObject\",\"inLanguage\":\"en-GB\",\"@id\":\"https:\\\/\\\/vpwhite.com\\\/en\\\/#\\\/schema\\\/logo\\\/image\\\/\",\"url\":\"https:\\\/\\\/vpwhite.com\\\/wp-content\\\/uploads\\\/2025\\\/03\\\/cropped-LOGO-BLEU-TRANSPARENT-RVB.webp\",\"contentUrl\":\"https:\\\/\\\/vpwhite.com\\\/wp-content\\\/uploads\\\/2025\\\/03\\\/cropped-LOGO-BLEU-TRANSPARENT-RVB.webp\",\"width\":1000,\"height\":279,\"caption\":\"VPWhite\"},\"image\":{\"@id\":\"https:\\\/\\\/vpwhite.com\\\/en\\\/#\\\/schema\\\/logo\\\/image\\\/\"}}]}<\/script>\n<!-- \/ Yoast SEO plugin. -->","yoast_head_json":{"title":"Extension - VPWhite","robots":{"index":"index","follow":"follow","max-snippet":"max-snippet:-1","max-image-preview":"max-image-preview:large","max-video-preview":"max-video-preview:-1"},"canonical":"https:\/\/vpwhite.com\/en\/extention\/","og_locale":"en_GB","og_type":"article","og_title":"Extension - VPWhite","og_description":"Optimiser votre programmation budg\u00e9taire immobili\u00e8re Depuis 2010, nous accompagnons les minist\u00e8res et les grandes institutions dans la gestion de leur parc immobilier. En collaboration avec nos clients, nous avons innov\u00e9 pour cr\u00e9er une nouvelle solution d\u00e9di\u00e9e \u00e0 la digitalisation de leur programmation budg\u00e9taire immobili\u00e8re. Extension, notre solution de performance immobili\u00e8re offre une gestion simplifi\u00e9e de [&hellip;]","og_url":"https:\/\/vpwhite.com\/en\/extention\/","og_site_name":"VPWhite","article_modified_time":"2025-07-07T13:24:26+00:00","og_image":[{"url":"https:\/\/vpwhite.com\/wp-content\/uploads\/2023\/11\/Logo-extension-1-1024x254.png","type":"","width":"","height":""}],"twitter_card":"summary_large_image","twitter_misc":{"Estimated reading time":"2 minutes"},"schema":{"@context":"https:\/\/schema.org","@graph":[{"@type":"WebPage","@id":"https:\/\/vpwhite.com\/extention\/","url":"https:\/\/vpwhite.com\/extention\/","name":"Extension - VPWhite","isPartOf":{"@id":"https:\/\/vpwhite.com\/en\/#website"},"primaryImageOfPage":{"@id":"https:\/\/vpwhite.com\/extention\/#primaryimage"},"image":{"@id":"https:\/\/vpwhite.com\/extention\/#primaryimage"},"thumbnailUrl":"https:\/\/vpwhite.com\/wp-content\/uploads\/2023\/11\/Logo-extension-1-1024x254.png","datePublished":"2024-09-20T11:44:58+00:00","dateModified":"2025-07-07T13:24:26+00:00","breadcrumb":{"@id":"https:\/\/vpwhite.com\/extention\/#breadcrumb"},"inLanguage":"en-GB","potentialAction":[{"@type":"ReadAction","target":["https:\/\/vpwhite.com\/extention\/"]}]},{"@type":"ImageObject","inLanguage":"en-GB","@id":"https:\/\/vpwhite.com\/extention\/#primaryimage","url":"https:\/\/vpwhite.com\/wp-content\/uploads\/2023\/11\/Logo-extension-1-1024x254.png","contentUrl":"https:\/\/vpwhite.com\/wp-content\/uploads\/2023\/11\/Logo-extension-1-1024x254.png"},{"@type":"BreadcrumbList","@id":"https:\/\/vpwhite.com\/extention\/#breadcrumb","itemListElement":[{"@type":"ListItem","position":1,"name":"Accueil","item":"https:\/\/vpwhite.com\/"},{"@type":"ListItem","position":2,"name":"Extension"}]},{"@type":"WebSite","@id":"https:\/\/vpwhite.com\/en\/#website","url":"https:\/\/vpwhite.com\/en\/","name":"VPWhite","description":"Drive to improve","publisher":{"@id":"https:\/\/vpwhite.com\/en\/#organization"},"potentialAction":[{"@type":"SearchAction","target":{"@type":"EntryPoint","urlTemplate":"https:\/\/vpwhite.com\/en\/?s={search_term_string}"},"query-input":{"@type":"PropertyValueSpecification","valueRequired":true,"valueName":"search_term_string"}}],"inLanguage":"en-GB"},{"@type":"Organization","@id":"https:\/\/vpwhite.com\/en\/#organization","name":"VPWhite","url":"https:\/\/vpwhite.com\/en\/","logo":{"@type":"ImageObject","inLanguage":"en-GB","@id":"https:\/\/vpwhite.com\/en\/#\/schema\/logo\/image\/","url":"https:\/\/vpwhite.com\/wp-content\/uploads\/2025\/03\/cropped-LOGO-BLEU-TRANSPARENT-RVB.webp","contentUrl":"https:\/\/vpwhite.com\/wp-content\/uploads\/2025\/03\/cropped-LOGO-BLEU-TRANSPARENT-RVB.webp","width":1000,"height":279,"caption":"VPWhite"},"image":{"@id":"https:\/\/vpwhite.com\/en\/#\/schema\/logo\/image\/"}}]}},"_links":{"self":[{"href":"https:\/\/vpwhite.com\/en\/wp-json\/wp\/v2\/pages\/9386","targetHints":{"allow":["GET"]}}],"collection":[{"href":"https:\/\/vpwhite.com\/en\/wp-json\/wp\/v2\/pages"}],"about":[{"href":"https:\/\/vpwhite.com\/en\/wp-json\/wp\/v2\/types\/page"}],"author":[{"embeddable":true,"href":"https:\/\/vpwhite.com\/en\/wp-json\/wp\/v2\/users\/1"}],"replies":[{"embeddable":true,"href":"https:\/\/vpwhite.com\/en\/wp-json\/wp\/v2\/comments?post=9386"}],"version-history":[{"count":40,"href":"https:\/\/vpwhite.com\/en\/wp-json\/wp\/v2\/pages\/9386\/revisions"}],"predecessor-version":[{"id":11779,"href":"https:\/\/vpwhite.com\/en\/wp-json\/wp\/v2\/pages\/9386\/revisions\/11779"}],"wp:attachment":[{"href":"https:\/\/vpwhite.com\/en\/wp-json\/wp\/v2\/media?parent=9386"}],"curies":[{"name":"wp","href":"https:\/\/api.w.org\/{rel}","templated":true}]}}