{"id":10166,"date":"2024-10-22T14:32:05","date_gmt":"2024-10-22T14:32:05","guid":{"rendered":"https:\/\/vpwhite.com\/?page_id=10166"},"modified":"2024-10-23T11:59:15","modified_gmt":"2024-10-23T11:59:15","slug":"demande-de-telechargement-du-replay-documentation","status":"publish","type":"page","link":"https:\/\/vpwhite.com\/en\/demande-de-telechargement-du-replay-documentation\/","title":{"rendered":"Demande de t\u00e9l\u00e9chargement du replay + documentation"},"content":{"rendered":"\t\t<div data-elementor-type=\"wp-page\" data-elementor-id=\"10166\" class=\"elementor elementor-10166\" data-elementor-post-type=\"page\">\n\t\t\t\t<div class=\"elementor-element elementor-element-a669ef7 e-flex e-con-boxed e-con e-parent\" data-id=\"a669ef7\" data-element_type=\"container\" data-e-type=\"container\">\n\t\t\t\t\t<div class=\"e-con-inner\">\n\t\t<div class=\"elementor-element elementor-element-48b21ae e-con-full e-flex e-con e-child\" data-id=\"48b21ae\" data-element_type=\"container\" data-e-type=\"container\" data-settings=\"{&quot;background_background&quot;:&quot;classic&quot;}\">\n\t\t\t\t<div class=\"elementor-element elementor-element-23cff51 elementor-widget elementor-widget-heading\" data-id=\"23cff51\" data-element_type=\"widget\" data-e-type=\"widget\" data-widget_type=\"heading.default\">\n\t\t\t\t\t<h2 class=\"elementor-heading-title elementor-size-default\">Demandez le replay de notre atelier <\/h2>\t\t\t\t<\/div>\n\t\t\t\t<div class=\"elementor-element elementor-element-bce803a elementor-widget elementor-widget-text-editor\" data-id=\"bce803a\" data-element_type=\"widget\" data-e-type=\"widget\" data-widget_type=\"text-editor.default\">\n\t\t\t\t\t\t\t\t\tAtelier organis\u00e9 par VPWhite en partenariat avec Workiva lors du salon Produrable, le 10 octobre 2024\n<br><br>\nD\u00e9couvrez les \u00e9tapes cl\u00e9s pour garantir la fiabilit\u00e9 et l\u2019auditabilit\u00e9 de vos donn\u00e9es ESG :<br><br><ul><li>\nComment analyser votre ad\u00e9quation CSRD ?\n<li>\nDonn\u00e9es ESG : comment fiabiliser vos phases de collecte, de v\u00e9rification et de consolidation ? \n<li>\nTagging XBRL : d\u00e9finition et quelles solutions ?<\/ul>\t\t\t\t\t\t\t\t<\/div>\n\t\t\t\t<\/div>\n\t\t\t\t<div class=\"elementor-element elementor-element-31fd47f elementor-button-align-stretch elementor-widget elementor-widget-form\" data-id=\"31fd47f\" data-element_type=\"widget\" data-e-type=\"widget\" data-settings=\"{&quot;step_next_label&quot;:&quot;Suivant&quot;,&quot;step_previous_label&quot;:&quot;Pr\\u00e9c\\u00e9dent&quot;,&quot;button_width&quot;:&quot;100&quot;,&quot;step_type&quot;:&quot;number_text&quot;,&quot;step_icon_shape&quot;:&quot;circle&quot;}\" data-widget_type=\"form.default\">\n\t\t\t\t\t\t\t<form class=\"elementor-form\" method=\"post\" name=\"Formulaire t\u00e9l\u00e9chargement Replay\" aria-label=\"Formulaire t\u00e9l\u00e9chargement Replay\" novalidate=\"\">\n\t\t\t<input type=\"hidden\" name=\"post_id\" value=\"10166\"\/>\n\t\t\t<input type=\"hidden\" name=\"form_id\" value=\"31fd47f\"\/>\n\t\t\t<input type=\"hidden\" name=\"referer_title\" value=\"Demande de t\u00e9l\u00e9chargement du replay + documentation - VPWhite\" \/>\n\n\t\t\t\t\t\t\t<input type=\"hidden\" name=\"queried_id\" value=\"10166\"\/>\n\t\t\t\n\t\t\t<div class=\"elementor-form-fields-wrapper elementor-labels-\">\n\t\t\t\t\t\t\t\t<div class=\"elementor-field-type-text elementor-field-group elementor-column elementor-field-group-field_20474f8 elementor-col-50 elementor-field-required\">\n\t\t\t\t\t\t\t\t\t\t\t\t<label for=\"form-field-field_20474f8\" class=\"elementor-field-label elementor-screen-only\">\n\t\t\t\t\t\t\t\tNom\t\t\t\t\t\t\t<\/label>\n\t\t\t\t\t\t\t\t\t\t\t\t\t\t<input size=\"1\" type=\"text\" name=\"form_fields[field_20474f8]\" id=\"form-field-field_20474f8\" class=\"elementor-field elementor-size-sm  elementor-field-textual\" placeholder=\"Nom*\" required=\"required\">\n\t\t\t\t\t\t\t\t\t\t\t<\/div>\n\t\t\t\t\t\t\t\t<div class=\"elementor-field-type-text elementor-field-group elementor-column elementor-field-group-name elementor-col-50 elementor-field-required\">\n\t\t\t\t\t\t\t\t\t\t\t\t<label for=\"form-field-name\" class=\"elementor-field-label elementor-screen-only\">\n\t\t\t\t\t\t\t\tPr\u00e9nom\t\t\t\t\t\t\t<\/label>\n\t\t\t\t\t\t\t\t\t\t\t\t\t\t<input size=\"1\" type=\"text\" name=\"form_fields[name]\" id=\"form-field-name\" class=\"elementor-field elementor-size-sm  elementor-field-textual\" placeholder=\"Pr\u00e9nom*\" required=\"required\">\n\t\t\t\t\t\t\t\t\t\t\t<\/div>\n\t\t\t\t\t\t\t\t<div class=\"elementor-field-type-email elementor-field-group elementor-column elementor-field-group-email elementor-col-50 elementor-field-required\">\n\t\t\t\t\t\t\t\t\t\t\t\t<label for=\"form-field-email\" class=\"elementor-field-label elementor-screen-only\">\n\t\t\t\t\t\t\t\tE-mail\t\t\t\t\t\t\t<\/label>\n\t\t\t\t\t\t\t\t\t\t\t\t\t\t<input size=\"1\" type=\"email\" name=\"form_fields[email]\" id=\"form-field-email\" class=\"elementor-field elementor-size-sm  elementor-field-textual\" placeholder=\"E-mail*\" required=\"required\">\n\t\t\t\t\t\t\t\t\t\t\t<\/div>\n\t\t\t\t\t\t\t\t<div class=\"elementor-field-type-tel elementor-field-group elementor-column elementor-field-group-field_ba557a5 elementor-col-50\">\n\t\t\t\t\t\t\t\t\t\t\t\t<label for=\"form-field-field_ba557a5\" class=\"elementor-field-label elementor-screen-only\">\n\t\t\t\t\t\t\t\tT\u00e9l\u00e9phone\t\t\t\t\t\t\t<\/label>\n\t\t\t\t\t\t\t\t<input size=\"1\" type=\"tel\" name=\"form_fields[field_ba557a5]\" id=\"form-field-field_ba557a5\" class=\"elementor-field elementor-size-sm  elementor-field-textual\" placeholder=\"T\u00e9l\u00e9phone\" pattern=\"[0-9()#&amp;+*-=.]+\" title=\"Only numbers and phone characters (#, -, *, etc) are accepted.\">\n\n\t\t\t\t\t\t<\/div>\n\t\t\t\t\t\t\t\t<div class=\"elementor-field-type-text elementor-field-group elementor-column elementor-field-group-field_bb19d44 elementor-col-50 elementor-field-required\">\n\t\t\t\t\t\t\t\t\t\t\t\t<label for=\"form-field-field_bb19d44\" class=\"elementor-field-label elementor-screen-only\">\n\t\t\t\t\t\t\t\tSoci\u00e9t\u00e9\t\t\t\t\t\t\t<\/label>\n\t\t\t\t\t\t\t\t\t\t\t\t\t\t<input size=\"1\" type=\"text\" name=\"form_fields[field_bb19d44]\" id=\"form-field-field_bb19d44\" class=\"elementor-field elementor-size-sm  elementor-field-textual\" placeholder=\"Soci\u00e9t\u00e9*\" required=\"required\">\n\t\t\t\t\t\t\t\t\t\t\t<\/div>\n\t\t\t\t\t\t\t\t<div class=\"elementor-field-type-text elementor-field-group elementor-column elementor-field-group-field_def65bb elementor-col-50\">\n\t\t\t\t\t\t\t\t\t\t\t\t<label for=\"form-field-field_def65bb\" class=\"elementor-field-label elementor-screen-only\">\n\t\t\t\t\t\t\t\tFonction\t\t\t\t\t\t\t<\/label>\n\t\t\t\t\t\t\t\t\t\t\t\t\t\t<input size=\"1\" type=\"text\" name=\"form_fields[field_def65bb]\" id=\"form-field-field_def65bb\" class=\"elementor-field elementor-size-sm  elementor-field-textual\" placeholder=\"Fonction\">\n\t\t\t\t\t\t\t\t\t\t\t<\/div>\n\t\t\t\t\t\t\t\t<div class=\"elementor-field-type-acceptance elementor-field-group elementor-column elementor-field-group-field_6ec7757 elementor-col-100 elementor-field-required\">\n\t\t\t\t\t\t\t\t\t\t\t\t<label for=\"form-field-field_6ec7757\" class=\"elementor-field-label elementor-screen-only\">\n\t\t\t\t\t\t\t\tPolitique de confidentialit\u00e9 \t\t\t\t\t\t\t<\/label>\n\t\t\t\t\t\t\t\t<div class=\"elementor-field-subgroup\">\n\t\t\t<span class=\"elementor-field-option\">\n\t\t\t\t<input type=\"checkbox\" name=\"form_fields[field_6ec7757]\" id=\"form-field-field_6ec7757\" class=\"elementor-field elementor-size-sm  elementor-acceptance-field\" required=\"required\">\n\t\t\t\t<label for=\"form-field-field_6ec7757\">VPWhite s'engage \u00e0 respecter votre vie priv\u00e9e. En envoyant ce formulaire, vous acceptez que VPWhite utilise vos donn\u00e9es personnelles conform\u00e9ment \u00e0 sa <a href=\"\/politique-de-confidentialite\" style=\"color:#4471E3\">Politique de confidentialit\u00e9<\/a>. Vous pouvez demander la suppression de vos informations en contactant <a href=\"mailto:privacy@vpwhite.com\" style=\"color:#4471E3\">privacy@vpwhite.com<\/a> .<\/label>\t\t\t<\/span>\n\t\t<\/div>\n\t\t\t\t\t\t<\/div>\n\t\t\t\t\t\t\t\t<div class=\"elementor-field-type-recaptcha_v3 elementor-field-group elementor-column elementor-field-group-field_41e8810 elementor-col-100 recaptcha_v3-inline\">\n\t\t\t\t\t<div class=\"elementor-field\" id=\"form-field-field_41e8810\"><div class=\"elementor-g-recaptcha\" data-sitekey=\"6LdGxY0iAAAAAGgv1XYPujY-cu7GlWsOJK1KxZhc\" data-type=\"v3\" data-action=\"Form\" data-badge=\"inline\" data-size=\"invisible\"><\/div><\/div>\t\t\t\t<\/div>\n\t\t\t\t\t\t\t\t<div class=\"elementor-field-group elementor-column elementor-field-type-submit elementor-col-100 e-form__buttons\">\n\t\t\t\t\t<button class=\"elementor-button elementor-size-sm\" type=\"submit\">\n\t\t\t\t\t\t<span class=\"elementor-button-content-wrapper\">\n\t\t\t\t\t\t\t\t\t\t\t\t\t\t\t\t\t\t\t\t\t\t<span class=\"elementor-button-text\">Envoyer<\/span>\n\t\t\t\t\t\t\t\t\t\t\t\t\t<\/span>\n\t\t\t\t\t<\/button>\n\t\t\t\t<\/div>\n\t\t\t<\/div>\n\t\t<\/form>\n\t\t\t\t\t\t<\/div>\n\t\t\t\t\t<\/div>\n\t\t\t\t<\/div>\n\t\t\t\t<\/div>\n\t\t","protected":false},"excerpt":{"rendered":"<p>Demandez le replay de notre atelier Atelier organis\u00e9 par VPWhite en partenariat avec Workiva lors du salon Produrable, le 10 octobre 2024 D\u00e9couvrez les \u00e9tapes cl\u00e9s pour garantir la fiabilit\u00e9 et l\u2019auditabilit\u00e9 de vos donn\u00e9es ESG : Comment analyser votre ad\u00e9quation CSRD ? Donn\u00e9es ESG : comment fiabiliser vos phases de collecte, de v\u00e9rification et [&hellip;]<\/p>\n","protected":false},"author":1,"featured_media":0,"parent":0,"menu_order":0,"comment_status":"closed","ping_status":"closed","template":"","meta":{"_monsterinsights_skip_tracking":false,"_monsterinsights_sitenote_active":false,"_monsterinsights_sitenote_note":"","_monsterinsights_sitenote_category":0,"footnotes":""},"class_list":["post-10166","page","type-page","status-publish","hentry"],"yoast_head":"<!-- This site is optimized with the Yoast SEO plugin v27.4 - https:\/\/yoast.com\/product\/yoast-seo-wordpress\/ -->\n<title>Demande de t\u00e9l\u00e9chargement du replay + documentation - VPWhite<\/title>\n<meta name=\"robots\" content=\"index, follow, max-snippet:-1, max-image-preview:large, max-video-preview:-1\" \/>\n<link rel=\"canonical\" href=\"https:\/\/vpwhite.com\/en\/demande-de-telechargement-du-replay-documentation\/\" \/>\n<meta property=\"og:locale\" content=\"en_GB\" \/>\n<meta property=\"og:type\" content=\"article\" \/>\n<meta property=\"og:title\" content=\"Demande de t\u00e9l\u00e9chargement du replay + documentation - VPWhite\" \/>\n<meta property=\"og:description\" content=\"Demandez le replay de notre atelier Atelier organis\u00e9 par VPWhite en partenariat avec Workiva lors du salon Produrable, le 10 octobre 2024 D\u00e9couvrez les \u00e9tapes cl\u00e9s pour garantir la fiabilit\u00e9 et l\u2019auditabilit\u00e9 de vos donn\u00e9es ESG : Comment analyser votre ad\u00e9quation CSRD ? Donn\u00e9es ESG : comment fiabiliser vos phases de collecte, de v\u00e9rification et [&hellip;]\" \/>\n<meta property=\"og:url\" content=\"https:\/\/vpwhite.com\/en\/demande-de-telechargement-du-replay-documentation\/\" \/>\n<meta property=\"og:site_name\" content=\"VPWhite\" \/>\n<meta property=\"article:modified_time\" content=\"2024-10-23T11:59:15+00:00\" \/>\n<meta name=\"twitter:card\" content=\"summary_large_image\" \/>\n<meta name=\"twitter:label1\" content=\"Estimated reading time\" \/>\n\t<meta name=\"twitter:data1\" content=\"1 minute\" \/>\n<script type=\"application\/ld+json\" class=\"yoast-schema-graph\">{\"@context\":\"https:\\\/\\\/schema.org\",\"@graph\":[{\"@type\":\"WebPage\",\"@id\":\"https:\\\/\\\/vpwhite.com\\\/demande-de-telechargement-du-replay-documentation\\\/\",\"url\":\"https:\\\/\\\/vpwhite.com\\\/demande-de-telechargement-du-replay-documentation\\\/\",\"name\":\"Demande de t\u00e9l\u00e9chargement du replay + documentation - VPWhite\",\"isPartOf\":{\"@id\":\"https:\\\/\\\/vpwhite.com\\\/en\\\/#website\"},\"datePublished\":\"2024-10-22T14:32:05+00:00\",\"dateModified\":\"2024-10-23T11:59:15+00:00\",\"breadcrumb\":{\"@id\":\"https:\\\/\\\/vpwhite.com\\\/demande-de-telechargement-du-replay-documentation\\\/#breadcrumb\"},\"inLanguage\":\"en-GB\",\"potentialAction\":[{\"@type\":\"ReadAction\",\"target\":[\"https:\\\/\\\/vpwhite.com\\\/demande-de-telechargement-du-replay-documentation\\\/\"]}]},{\"@type\":\"BreadcrumbList\",\"@id\":\"https:\\\/\\\/vpwhite.com\\\/demande-de-telechargement-du-replay-documentation\\\/#breadcrumb\",\"itemListElement\":[{\"@type\":\"ListItem\",\"position\":1,\"name\":\"Accueil\",\"item\":\"https:\\\/\\\/vpwhite.com\\\/\"},{\"@type\":\"ListItem\",\"position\":2,\"name\":\"Demande de t\u00e9l\u00e9chargement du replay + documentation\"}]},{\"@type\":\"WebSite\",\"@id\":\"https:\\\/\\\/vpwhite.com\\\/en\\\/#website\",\"url\":\"https:\\\/\\\/vpwhite.com\\\/en\\\/\",\"name\":\"VPWhite\",\"description\":\"Drive to improve\",\"publisher\":{\"@id\":\"https:\\\/\\\/vpwhite.com\\\/en\\\/#organization\"},\"potentialAction\":[{\"@type\":\"SearchAction\",\"target\":{\"@type\":\"EntryPoint\",\"urlTemplate\":\"https:\\\/\\\/vpwhite.com\\\/en\\\/?s={search_term_string}\"},\"query-input\":{\"@type\":\"PropertyValueSpecification\",\"valueRequired\":true,\"valueName\":\"search_term_string\"}}],\"inLanguage\":\"en-GB\"},{\"@type\":\"Organization\",\"@id\":\"https:\\\/\\\/vpwhite.com\\\/en\\\/#organization\",\"name\":\"VPWhite\",\"url\":\"https:\\\/\\\/vpwhite.com\\\/en\\\/\",\"logo\":{\"@type\":\"ImageObject\",\"inLanguage\":\"en-GB\",\"@id\":\"https:\\\/\\\/vpwhite.com\\\/en\\\/#\\\/schema\\\/logo\\\/image\\\/\",\"url\":\"https:\\\/\\\/vpwhite.com\\\/wp-content\\\/uploads\\\/2025\\\/03\\\/cropped-LOGO-BLEU-TRANSPARENT-RVB.webp\",\"contentUrl\":\"https:\\\/\\\/vpwhite.com\\\/wp-content\\\/uploads\\\/2025\\\/03\\\/cropped-LOGO-BLEU-TRANSPARENT-RVB.webp\",\"width\":1000,\"height\":279,\"caption\":\"VPWhite\"},\"image\":{\"@id\":\"https:\\\/\\\/vpwhite.com\\\/en\\\/#\\\/schema\\\/logo\\\/image\\\/\"}}]}<\/script>\n<!-- \/ Yoast SEO plugin. -->","yoast_head_json":{"title":"Demande de t\u00e9l\u00e9chargement du replay + documentation - VPWhite","robots":{"index":"index","follow":"follow","max-snippet":"max-snippet:-1","max-image-preview":"max-image-preview:large","max-video-preview":"max-video-preview:-1"},"canonical":"https:\/\/vpwhite.com\/en\/demande-de-telechargement-du-replay-documentation\/","og_locale":"en_GB","og_type":"article","og_title":"Demande de t\u00e9l\u00e9chargement du replay + documentation - VPWhite","og_description":"Demandez le replay de notre atelier Atelier organis\u00e9 par VPWhite en partenariat avec Workiva lors du salon Produrable, le 10 octobre 2024 D\u00e9couvrez les \u00e9tapes cl\u00e9s pour garantir la fiabilit\u00e9 et l\u2019auditabilit\u00e9 de vos donn\u00e9es ESG : Comment analyser votre ad\u00e9quation CSRD ? Donn\u00e9es ESG : comment fiabiliser vos phases de collecte, de v\u00e9rification et [&hellip;]","og_url":"https:\/\/vpwhite.com\/en\/demande-de-telechargement-du-replay-documentation\/","og_site_name":"VPWhite","article_modified_time":"2024-10-23T11:59:15+00:00","twitter_card":"summary_large_image","twitter_misc":{"Estimated reading time":"1 minute"},"schema":{"@context":"https:\/\/schema.org","@graph":[{"@type":"WebPage","@id":"https:\/\/vpwhite.com\/demande-de-telechargement-du-replay-documentation\/","url":"https:\/\/vpwhite.com\/demande-de-telechargement-du-replay-documentation\/","name":"Demande de t\u00e9l\u00e9chargement du replay + documentation - VPWhite","isPartOf":{"@id":"https:\/\/vpwhite.com\/en\/#website"},"datePublished":"2024-10-22T14:32:05+00:00","dateModified":"2024-10-23T11:59:15+00:00","breadcrumb":{"@id":"https:\/\/vpwhite.com\/demande-de-telechargement-du-replay-documentation\/#breadcrumb"},"inLanguage":"en-GB","potentialAction":[{"@type":"ReadAction","target":["https:\/\/vpwhite.com\/demande-de-telechargement-du-replay-documentation\/"]}]},{"@type":"BreadcrumbList","@id":"https:\/\/vpwhite.com\/demande-de-telechargement-du-replay-documentation\/#breadcrumb","itemListElement":[{"@type":"ListItem","position":1,"name":"Accueil","item":"https:\/\/vpwhite.com\/"},{"@type":"ListItem","position":2,"name":"Demande de t\u00e9l\u00e9chargement du replay + documentation"}]},{"@type":"WebSite","@id":"https:\/\/vpwhite.com\/en\/#website","url":"https:\/\/vpwhite.com\/en\/","name":"VPWhite","description":"Drive to improve","publisher":{"@id":"https:\/\/vpwhite.com\/en\/#organization"},"potentialAction":[{"@type":"SearchAction","target":{"@type":"EntryPoint","urlTemplate":"https:\/\/vpwhite.com\/en\/?s={search_term_string}"},"query-input":{"@type":"PropertyValueSpecification","valueRequired":true,"valueName":"search_term_string"}}],"inLanguage":"en-GB"},{"@type":"Organization","@id":"https:\/\/vpwhite.com\/en\/#organization","name":"VPWhite","url":"https:\/\/vpwhite.com\/en\/","logo":{"@type":"ImageObject","inLanguage":"en-GB","@id":"https:\/\/vpwhite.com\/en\/#\/schema\/logo\/image\/","url":"https:\/\/vpwhite.com\/wp-content\/uploads\/2025\/03\/cropped-LOGO-BLEU-TRANSPARENT-RVB.webp","contentUrl":"https:\/\/vpwhite.com\/wp-content\/uploads\/2025\/03\/cropped-LOGO-BLEU-TRANSPARENT-RVB.webp","width":1000,"height":279,"caption":"VPWhite"},"image":{"@id":"https:\/\/vpwhite.com\/en\/#\/schema\/logo\/image\/"}}]}},"_links":{"self":[{"href":"https:\/\/vpwhite.com\/en\/wp-json\/wp\/v2\/pages\/10166","targetHints":{"allow":["GET"]}}],"collection":[{"href":"https:\/\/vpwhite.com\/en\/wp-json\/wp\/v2\/pages"}],"about":[{"href":"https:\/\/vpwhite.com\/en\/wp-json\/wp\/v2\/types\/page"}],"author":[{"embeddable":true,"href":"https:\/\/vpwhite.com\/en\/wp-json\/wp\/v2\/users\/1"}],"replies":[{"embeddable":true,"href":"https:\/\/vpwhite.com\/en\/wp-json\/wp\/v2\/comments?post=10166"}],"version-history":[{"count":23,"href":"https:\/\/vpwhite.com\/en\/wp-json\/wp\/v2\/pages\/10166\/revisions"}],"predecessor-version":[{"id":11769,"href":"https:\/\/vpwhite.com\/en\/wp-json\/wp\/v2\/pages\/10166\/revisions\/11769"}],"wp:attachment":[{"href":"https:\/\/vpwhite.com\/en\/wp-json\/wp\/v2\/media?parent=10166"}],"curies":[{"name":"wp","href":"https:\/\/api.w.org\/{rel}","templated":true}]}}