{"id":5947,"date":"2024-07-25T09:34:18","date_gmt":"2024-07-25T09:34:18","guid":{"rendered":"https:\/\/vpwhite.com\/?page_id=5947"},"modified":"2025-07-07T14:48:36","modified_gmt":"2025-07-07T14:48:36","slug":"transform","status":"publish","type":"page","link":"https:\/\/vpwhite.com\/de\/transform\/","title":{"rendered":"Offre transform"},"content":{"rendered":"<div data-elementor-type=\"wp-page\" data-elementor-id=\"5947\" class=\"elementor elementor-5947\" data-elementor-post-type=\"page\">\n\t\t\t\t<div class=\"elementor-element elementor-element-49b0164 e-con-full e-flex e-con e-parent\" data-id=\"49b0164\" data-element_type=\"container\" data-e-type=\"container\" data-settings=\"{&quot;background_background&quot;:&quot;classic&quot;}\">\n\t\t<div class=\"elementor-element elementor-element-2712330 e-flex e-con-boxed e-con e-child\" data-id=\"2712330\" data-element_type=\"container\" data-e-type=\"container\">\n\t\t\t\t\t<div class=\"e-con-inner\">\n\t\t\t\t<div class=\"elementor-element elementor-element-6dd1980 elementor-widget elementor-widget-text-editor\" data-id=\"6dd1980\" data-element_type=\"widget\" data-e-type=\"widget\" data-widget_type=\"text-editor.default\">\n\t\t\t\t\t\t\t\t\tTransform\t\t\t\t\t\t\t\t<\/div>\n\t\t\t\t<div class=\"elementor-element elementor-element-39c964e elementor-widget__width-initial elementor-widget-mobile__width-inherit elementor-widget elementor-widget-heading\" data-id=\"39c964e\" data-element_type=\"widget\" data-e-type=\"widget\" data-widget_type=\"heading.default\">\n\t\t\t\t\t<h1 class=\"elementor-heading-title elementor-size-default\">Leitfaden f\u00fcr Ihre Transformationsstrategie<\/h1>\t\t\t\t<\/div>\n\t\t\t\t<div class=\"elementor-element elementor-element-def39a5 elementor-widget elementor-widget-button\" data-id=\"def39a5\" data-element_type=\"widget\" data-e-type=\"widget\" data-widget_type=\"button.default\">\n\t\t\t\t\t\t\t\t\t\t<a class=\"elementor-button elementor-button-link elementor-size-sm\" href=\"#Accompagnement\">\n\t\t\t\t\t\t<span class=\"elementor-button-content-wrapper\">\n\t\t\t\t\t\t\t\t\t<span class=\"elementor-button-text\">unsere Unterst\u00fctzung<\/span>\n\t\t\t\t\t<\/span>\n\t\t\t\t\t<\/a>\n\t\t\t\t\t\t\t\t<\/div>\n\t\t\t\t\t<\/div>\n\t\t\t\t<\/div>\n\t\t\t\t<\/div>\n\t\t<div class=\"elementor-element elementor-element-626c191 e-flex e-con-boxed e-con e-parent\" data-id=\"626c191\" data-element_type=\"container\" data-e-type=\"container\">\n\t\t\t\t\t<div class=\"e-con-inner\">\n\t\t<div class=\"elementor-element elementor-element-baecbb2 e-con-full e-flex e-con e-child\" data-id=\"baecbb2\" data-element_type=\"container\" data-e-type=\"container\">\n\t\t\t\t<div class=\"elementor-element elementor-element-edcd903 elementor-widget elementor-widget-text-editor\" data-id=\"edcd903\" data-element_type=\"widget\" data-e-type=\"widget\" data-widget_type=\"text-editor.default\">\n\t\t\t\t\t\t\t\t\tUnsere Erfahrung zeigt, dass die intelligente Integration von Technologie in Ihre Abl\u00e4ufe nicht nur die t\u00e4gliche Arbeit Ihrer Mitarbeiter ver\u00e4ndern kann, sondern auch Ihr Unternehmen zu einer widerstandsf\u00e4higen Organisation macht, die in der Lage ist, sich schnell an neue Herausforderungen anzupassen oder neue Wachstumsm\u00f6glichkeiten zu schaffen.\t\t\t\t\t\t\t\t<\/div>\n\t\t\t\t<div class=\"elementor-element elementor-element-4cafb32 elementor-widget elementor-widget-text-editor\" data-id=\"4cafb32\" data-element_type=\"widget\" data-e-type=\"widget\" data-widget_type=\"text-editor.default\">\n\t\t\t\t\t\t\t\t\tAls Synonym f\u00fcr Leistung und Effizienz ist die digitale Transformation f\u00fcr jedes Unternehmen unverzichtbar geworden, wenn es um die Einhaltung von Vorschriften, die Verringerung und Bew\u00e4ltigung von Risiken, die Einbindung der Mitarbeiter in kontinuierliche Verbesserungsprozesse und die Erf\u00fcllung der allgemeinen Managementanforderungen der Unternehmensf\u00fchrung geht.\t\t\t\t\t\t\t\t<\/div>\n\t\t\t\t<div class=\"elementor-element elementor-element-f19efaa elementor-widget elementor-widget-text-editor\" data-id=\"f19efaa\" data-element_type=\"widget\" data-e-type=\"widget\" data-widget_type=\"text-editor.default\">\n\t\t\t\t\t\t\t\t\tWir sind auch davon \u00fcberzeugt, dass der Erfolg eines digitalen Projekts \u00fcber die blo\u00dfe Implementierung von technologischen Werkzeugen hinausgeht. Es geht vor allem um Engagement und Eigenverantwortung. Deshalb engagieren wir uns f\u00fcr die Entwicklung von L\u00f6sungen, die Ihre Teams inspirieren und vereinen und digitale Suiten in leistungsstarke Treiber f\u00fcr Wachstum und kontinuierliche Verbesserungen f\u00fcr Unternehmen verwandeln.\t\t\t\t\t\t\t\t<\/div>\n\t\t\t\t<\/div>\n\t\t<div class=\"elementor-element elementor-element-8ab3f12 e-con-full e-flex e-con e-child\" data-id=\"8ab3f12\" data-element_type=\"container\" data-e-type=\"container\">\n\t\t\t\t<div class=\"elementor-element elementor-element-390d9a8 elementor-widget elementor-widget-heading\" data-id=\"390d9a8\" data-element_type=\"widget\" data-e-type=\"widget\" data-widget_type=\"heading.default\">\n\t\t\t\t\t<h2 class=\"elementor-heading-title elementor-size-default\">\n\nVerankern <span style=\"color:#4471E3;font-weight:600\">Sie Ihre <\/span>digitale Transformation nachhaltig<\/h2>\t\t\t\t<\/div>\n\t\t\t\t<\/div>\n\t\t\t\t\t<\/div>\n\t\t\t\t<\/div>\n\t\t<div class=\"elementor-element elementor-element-984915f e-con-full Accompagnement e-flex e-con e-parent\" data-id=\"984915f\" data-element_type=\"container\" data-e-type=\"container\" id=\"Accompagnement\" data-settings=\"{&quot;background_background&quot;:&quot;classic&quot;}\">\n\t\t<div class=\"elementor-element elementor-element-f17396e e-flex e-con-boxed e-con e-child\" data-id=\"f17396e\" data-element_type=\"container\" data-e-type=\"container\">\n\t\t\t\t\t<div class=\"e-con-inner\">\n\t\t\t\t<div class=\"elementor-element elementor-element-cc40b74 elementor-widget elementor-widget-heading\" data-id=\"cc40b74\" data-element_type=\"widget\" data-e-type=\"widget\" data-widget_type=\"heading.default\">\n\t\t\t\t\t<h3 class=\"elementor-heading-title elementor-size-default\">VPWhite Unterst\u00fctzung<\/h3>\t\t\t\t<\/div>\n\t\t\t\t<div class=\"elementor-element elementor-element-041d007 elementor-widget__width-initial elementor-widget elementor-widget-text-editor\" data-id=\"041d007\" data-element_type=\"widget\" data-e-type=\"widget\" data-widget_type=\"text-editor.default\">\n\t\t\t\t\t\t\t\t\tErleichterung der Entscheidungsfindung zur Gew\u00e4hrleistung einer nachhaltigen Umsetzung Ihrer digitalen Transformation.\t\t\t\t\t\t\t\t<\/div>\n\t\t\t\t\t<\/div>\n\t\t\t\t<\/div>\n\t\t<div class=\"elementor-element elementor-element-6809c94 e-flex e-con-boxed e-con e-child\" data-id=\"6809c94\" data-element_type=\"container\" data-e-type=\"container\">\n\t\t\t\t\t<div class=\"e-con-inner\">\n\t\t<div class=\"elementor-element elementor-element-a9286b8 e-con-full e-flex e-con e-child\" data-id=\"a9286b8\" data-element_type=\"container\" data-e-type=\"container\" data-settings=\"{&quot;background_background&quot;:&quot;classic&quot;}\">\n\t\t\t\t<div class=\"elementor-element elementor-element-31739de elementor-widget elementor-widget-heading\" data-id=\"31739de\" data-element_type=\"widget\" data-e-type=\"widget\" data-widget_type=\"heading.default\">\n\t\t\t\t\t<h5 class=\"elementor-heading-title elementor-size-default\">Benutzerbed\u00fcrfnisse erfassen<\/h5>\t\t\t\t<\/div>\n\t\t\t\t<div class=\"elementor-element elementor-element-9462501 elementor-widget__width-inherit elementor-widget elementor-widget-text-editor\" data-id=\"9462501\" data-element_type=\"widget\" data-e-type=\"widget\" data-widget_type=\"text-editor.default\">\n\t\t\t\t\t\t\t\t\tIdentifikation von ausdr\u00fccklichen und zugrundeliegenden Benutzerbed\u00fcrfnissen zur Erstellung einer umfassenden und gemeinsamen Anforderungsspezifikation.\t\t\t\t\t\t\t\t<\/div>\n\t\t\t\t<\/div>\n\t\t<div class=\"elementor-element elementor-element-4fe4b5d e-con-full e-flex e-con e-child\" data-id=\"4fe4b5d\" data-element_type=\"container\" data-e-type=\"container\" data-settings=\"{&quot;background_background&quot;:&quot;classic&quot;}\">\n\t\t\t\t<div class=\"elementor-element elementor-element-453cd93 elementor-widget elementor-widget-heading\" data-id=\"453cd93\" data-element_type=\"widget\" data-e-type=\"widget\" data-widget_type=\"heading.default\">\n\t\t\t\t\t<h5 class=\"elementor-heading-title elementor-size-default\">SCAn (Sustainable Change Analysis)<\/h5>\t\t\t\t<\/div>\n\t\t\t\t<div class=\"elementor-element elementor-element-3f01ec6 elementor-widget__width-inherit elementor-widget elementor-widget-text-editor\" data-id=\"3f01ec6\" data-element_type=\"widget\" data-e-type=\"widget\" data-widget_type=\"text-editor.default\">\n\t\t\t\t\t\t\t\t\tDurchf\u00fchrung einer Analyse des nachhaltigen Wandels, um die Transformation des Unternehmens zu steuern.\t\t\t\t\t\t\t\t<\/div>\n\t\t\t\t<\/div>\n\t\t<div class=\"elementor-element elementor-element-003af0f e-con-full e-flex e-con e-child\" data-id=\"003af0f\" data-element_type=\"container\" data-e-type=\"container\" data-settings=\"{&quot;background_background&quot;:&quot;classic&quot;}\">\n\t\t\t\t<div class=\"elementor-element elementor-element-51f7e0d elementor-widget elementor-widget-heading\" data-id=\"51f7e0d\" data-element_type=\"widget\" data-e-type=\"widget\" data-widget_type=\"heading.default\">\n\t\t\t\t\t<h5 class=\"elementor-heading-title elementor-size-default\">Harmonisieren<\/h5>\t\t\t\t<\/div>\n\t\t\t\t<div class=\"elementor-element elementor-element-e948297 elementor-widget__width-inherit elementor-widget elementor-widget-text-editor\" data-id=\"e948297\" data-element_type=\"widget\" data-e-type=\"widget\" data-widget_type=\"text-editor.default\">\n\t\t\t\t\t\t\t\t\tHarmonisierung der Gesch\u00e4ftsprozesse f\u00fcr einen reibungslosen \u00dcbergang vom Ist- zum Soll-Zustand.\t\t\t\t\t\t\t\t<\/div>\n\t\t\t\t<\/div>\n\t\t<div class=\"elementor-element elementor-element-d0a010d e-con-full e-flex e-con e-child\" data-id=\"d0a010d\" data-element_type=\"container\" data-e-type=\"container\" data-settings=\"{&quot;background_background&quot;:&quot;classic&quot;}\">\n\t\t\t\t<div class=\"elementor-element elementor-element-fc3b6b8 elementor-widget elementor-widget-heading\" data-id=\"fc3b6b8\" data-element_type=\"widget\" data-e-type=\"widget\" data-widget_type=\"heading.default\">\n\t\t\t\t\t<h5 class=\"elementor-heading-title elementor-size-default\">Entwicklung Ihres Gesch\u00e4ftsplans\u00a0<\/h5>\t\t\t\t<\/div>\n\t\t\t\t<div class=\"elementor-element elementor-element-dd4441e elementor-widget__width-inherit elementor-widget elementor-widget-text-editor\" data-id=\"dd4441e\" data-element_type=\"widget\" data-e-type=\"widget\" data-widget_type=\"text-editor.default\">\n\t\t\t\t\t\t\t\t\tErstellung und Pr\u00e4sentation eines soliden Business Case, der die Vision des Wandels und die potenziellen Effizienzgewinne einbezieht.\t\t\t\t\t\t\t\t<\/div>\n\t\t\t\t<\/div>\n\t\t<div class=\"elementor-element elementor-element-45a168c e-con-full e-flex e-con e-child\" data-id=\"45a168c\" data-element_type=\"container\" data-e-type=\"container\" data-settings=\"{&quot;background_background&quot;:&quot;classic&quot;}\">\n\t\t\t\t<div class=\"elementor-element elementor-element-fa6924c elementor-widget elementor-widget-heading\" data-id=\"fa6924c\" data-element_type=\"widget\" data-e-type=\"widget\" data-widget_type=\"heading.default\">\n\t\t\t\t\t<h5 class=\"elementor-heading-title elementor-size-default\">Beratung<\/h5>\t\t\t\t<\/div>\n\t\t\t\t<div class=\"elementor-element elementor-element-0ca6916 elementor-widget__width-inherit elementor-widget elementor-widget-text-editor\" data-id=\"0ca6916\" data-element_type=\"widget\" data-e-type=\"widget\" data-widget_type=\"text-editor.default\">\n\t\t\t\t\t\t\t\t\tWir helfen Ihnen bei der Festlegung Ihrer Strategie zur Einleitung des Ausschreibungsverfahrens f\u00fcr die L\u00f6sungsimplementierung.\t\t\t\t\t\t\t\t<\/div>\n\t\t\t\t<\/div>\n\t\t\t\t\t<\/div>\n\t\t\t\t<\/div>\n\t\t\t\t<\/div>\n\t\t<div class=\"elementor-element elementor-element-ce46a37 e-flex e-con-boxed e-con e-parent\" data-id=\"ce46a37\" data-element_type=\"container\" data-e-type=\"container\">\n\t\t\t\t\t<div class=\"e-con-inner\">\n\t\t<div class=\"elementor-element elementor-element-38f3a7c e-con-full e-flex e-con e-child\" data-id=\"38f3a7c\" data-element_type=\"container\" data-e-type=\"container\">\n\t\t\t\t<div class=\"elementor-element elementor-element-e6bfb42 elementor-widget elementor-widget-heading\" data-id=\"e6bfb42\" data-element_type=\"widget\" data-e-type=\"widget\" data-widget_type=\"heading.default\">\n\t\t\t\t\t<h3 class=\"elementor-heading-title elementor-size-default\">Die drei S\u00e4ulen der digitalen Transformation.<\/h3>\t\t\t\t<\/div>\n\t\t\t\t<div class=\"elementor-element elementor-element-0e4f9ba elementor-widget__width-inherit elementor-widget elementor-widget-text-editor\" data-id=\"0e4f9ba\" data-element_type=\"widget\" data-e-type=\"widget\" data-widget_type=\"text-editor.default\">\n\t\t\t\t\t\t\t\t\tEin digitales Transformationsprojekt muss die drei S\u00e4ulen einer Organisation, d.h. Menschen, Prozesse und Technologie, integrieren, um den Erfolg der digitalen Transformation zu gew\u00e4hrleisten.\t\t\t\t\t\t\t\t<\/div>\n\t\t\t\t<div class=\"elementor-element elementor-element-9799baf elementor-widget__width-inherit elementor-widget elementor-widget-text-editor\" data-id=\"9799baf\" data-element_type=\"widget\" data-e-type=\"widget\" data-widget_type=\"text-editor.default\">\n\t\t\t\t\t\t\t\t\tVPWhite unterst\u00fctzt Sie bei jeder der S\u00e4ulen, um die grundlegende Synergie zu schaffen, die notwendig ist, um Ihre strategischen Ziele zu erreichen und nachhaltige Ver\u00e4nderungen in Ihrem Unternehmen zu bewirken.\t\t\t\t\t\t\t\t<\/div>\n\t\t\t\t<\/div>\n\t\t<div class=\"elementor-element elementor-element-d302f89 e-con-full e-flex e-con e-child\" data-id=\"d302f89\" data-element_type=\"container\" data-e-type=\"container\">\n\t\t\t\t<div class=\"elementor-element elementor-element-e9ee812 elementor-widget elementor-widget-image\" data-id=\"e9ee812\" data-element_type=\"widget\" data-e-type=\"widget\" data-widget_type=\"image.default\">\n\t\t\t\t\t\t\t\t\t\t\t\t\t\t\t<img fetchpriority=\"high\" decoding=\"async\" width=\"800\" height=\"768\" src=\"https:\/\/vpwhite.com\/wp-content\/uploads\/2023\/12\/Digitaltransformation.webp\" class=\"attachment-1536x1536 size-1536x1536 wp-image-2095\" alt=\"\" srcset=\"https:\/\/vpwhite.com\/wp-content\/uploads\/2023\/12\/Digitaltransformation.webp 800w, https:\/\/vpwhite.com\/wp-content\/uploads\/2023\/12\/Digitaltransformation-300x288.webp 300w, https:\/\/vpwhite.com\/wp-content\/uploads\/2023\/12\/Digitaltransformation-768x737.webp 768w, https:\/\/vpwhite.com\/wp-content\/uploads\/2023\/12\/Digitaltransformation-13x12.webp 13w\" sizes=\"(max-width: 800px) 100vw, 800px\" \/>\t\t\t\t\t\t\t\t\t\t\t\t\t\t\t<\/div>\n\t\t\t\t<div class=\"elementor-element elementor-element-4ecd763 elementor-widget__width-initial elementor-widget elementor-widget-text-editor\" data-id=\"4ecd763\" data-element_type=\"widget\" data-e-type=\"widget\" data-widget_type=\"text-editor.default\">\n\t\t\t\t\t\t\t\t\tSustainable digital transformation\t\t\t\t\t\t\t\t<\/div>\n\t\t\t\t<\/div>\n\t\t\t\t\t<\/div>\n\t\t\t\t<\/div>\n\t\t<div class=\"elementor-element elementor-element-36a1710 e-con-full e-flex e-con e-parent\" data-id=\"36a1710\" data-element_type=\"container\" data-e-type=\"container\" data-settings=\"{&quot;background_background&quot;:&quot;classic&quot;}\">\n\t\t<div class=\"elementor-element elementor-element-62a5886 e-flex e-con-boxed e-con e-child\" data-id=\"62a5886\" data-element_type=\"container\" data-e-type=\"container\">\n\t\t\t\t\t<div class=\"e-con-inner\">\n\t\t\t\t<div class=\"elementor-element elementor-element-e564bd6 elementor-widget__width-initial elementor-widget elementor-widget-heading\" data-id=\"e564bd6\" data-element_type=\"widget\" data-e-type=\"widget\" data-widget_type=\"heading.default\">\n\t\t\t\t\t<h2 class=\"elementor-heading-title elementor-size-default\">\nIhre digitale Transformation zum Erfolg f\u00fchren<\/h2>\t\t\t\t<\/div>\n\t\t\t\t<div class=\"elementor-element elementor-element-2c23df5 elementor-widget__width-initial elementor-widget-mobile__width-inherit elementor-widget elementor-widget-text-editor\" data-id=\"2c23df5\" data-element_type=\"widget\" data-e-type=\"widget\" data-widget_type=\"text-editor.default\">\n\t\t\t\t\t\t\t\t\tKontaktieren Sie uns jetzt und profitieren Sie von unserer Expertise! \t\t\t\t\t\t\t\t<\/div>\n\t\t\t\t<div class=\"elementor-element elementor-element-0c70dd8 elementor-widget elementor-widget-button\" data-id=\"0c70dd8\" data-element_type=\"widget\" data-e-type=\"widget\" data-widget_type=\"button.default\">\n\t\t\t\t\t\t\t\t\t\t<a class=\"elementor-button elementor-button-link elementor-size-sm\" href=\"\/de\/contact\/\">\n\t\t\t\t\t\t<span class=\"elementor-button-content-wrapper\">\n\t\t\t\t\t\t\t\t\t<span class=\"elementor-button-text\">Nehmen wir uns die Zeit f\u00fcr ein Gespr\u00e4ch  <\/span>\n\t\t\t\t\t<\/span>\n\t\t\t\t\t<\/a>\n\t\t\t\t\t\t\t\t<\/div>\n\t\t\t\t\t<\/div>\n\t\t\t\t<\/div>\n\t\t\t\t<\/div>\n\t\t\t\t<\/div>","protected":false},"excerpt":{"rendered":"<p>Guider votre transformation digitale : vous conseiller pour faciliter la prise de d\u00e9cision et pour assurer une mise en \u0153uvre durable de votre transformation digitale.<\/p>","protected":false},"author":1,"featured_media":1237,"parent":0,"menu_order":0,"comment_status":"closed","ping_status":"closed","template":"","meta":{"_monsterinsights_skip_tracking":false,"_monsterinsights_sitenote_active":false,"_monsterinsights_sitenote_note":"","_monsterinsights_sitenote_category":0,"footnotes":""},"class_list":["post-5947","page","type-page","status-publish","has-post-thumbnail","hentry"],"yoast_head":"<!-- This site is optimized with the Yoast SEO plugin v27.5 - https:\/\/yoast.com\/product\/yoast-seo-wordpress\/ -->\n<title>Offre transform - VPWhite<\/title>\n<meta name=\"description\" content=\"Guider votre transformation digitale : vous conseiller pour faciliter la prise de d\u00e9cision et pour assurer une mise en \u0153uvre durable de votre transformation digitale.\" \/>\n<meta name=\"robots\" content=\"index, follow, max-snippet:-1, max-image-preview:large, max-video-preview:-1\" \/>\n<link rel=\"canonical\" href=\"https:\/\/vpwhite.com\/de\/transform\/\" \/>\n<meta property=\"og:locale\" content=\"de_DE\" \/>\n<meta property=\"og:type\" content=\"article\" \/>\n<meta property=\"og:title\" content=\"Offre transform - VPWhite\" \/>\n<meta property=\"og:description\" content=\"Guider votre transformation digitale : vous conseiller pour faciliter la prise de d\u00e9cision et pour assurer une mise en \u0153uvre durable de votre transformation digitale.\" \/>\n<meta property=\"og:url\" content=\"https:\/\/vpwhite.com\/de\/transform\/\" \/>\n<meta property=\"og:site_name\" content=\"VPWhite\" \/>\n<meta property=\"article:modified_time\" content=\"2025-07-07T14:48:36+00:00\" \/>\n<meta property=\"og:image\" content=\"https:\/\/vpwhite.com\/wp-content\/uploads\/2023\/11\/Header-Transform.webp\" \/>\n\t<meta property=\"og:image:width\" content=\"1200\" \/>\n\t<meta property=\"og:image:height\" content=\"800\" \/>\n\t<meta property=\"og:image:type\" content=\"image\/webp\" \/>\n<meta name=\"twitter:card\" content=\"summary_large_image\" \/>\n<meta name=\"twitter:label1\" content=\"Gesch\u00e4tzte Lesezeit\" \/>\n\t<meta name=\"twitter:data1\" content=\"2\u00a0Minuten\" \/>\n<script type=\"application\/ld+json\" class=\"yoast-schema-graph\">{\"@context\":\"https:\\\/\\\/schema.org\",\"@graph\":[{\"@type\":\"WebPage\",\"@id\":\"https:\\\/\\\/vpwhite.com\\\/transform\\\/\",\"url\":\"https:\\\/\\\/vpwhite.com\\\/transform\\\/\",\"name\":\"Offre transform - VPWhite\",\"isPartOf\":{\"@id\":\"https:\\\/\\\/vpwhite.com\\\/en\\\/#website\"},\"primaryImageOfPage\":{\"@id\":\"https:\\\/\\\/vpwhite.com\\\/transform\\\/#primaryimage\"},\"image\":{\"@id\":\"https:\\\/\\\/vpwhite.com\\\/transform\\\/#primaryimage\"},\"thumbnailUrl\":\"https:\\\/\\\/vpwhite.com\\\/wp-content\\\/uploads\\\/2023\\\/11\\\/Header-Transform.webp\",\"datePublished\":\"2024-07-25T09:34:18+00:00\",\"dateModified\":\"2025-07-07T14:48:36+00:00\",\"description\":\"Guider votre transformation digitale : vous conseiller pour faciliter la prise de d\u00e9cision et pour assurer une mise en \u0153uvre durable de votre transformation digitale.\",\"breadcrumb\":{\"@id\":\"https:\\\/\\\/vpwhite.com\\\/transform\\\/#breadcrumb\"},\"inLanguage\":\"de\",\"potentialAction\":[{\"@type\":\"ReadAction\",\"target\":[\"https:\\\/\\\/vpwhite.com\\\/transform\\\/\"]}]},{\"@type\":\"ImageObject\",\"inLanguage\":\"de\",\"@id\":\"https:\\\/\\\/vpwhite.com\\\/transform\\\/#primaryimage\",\"url\":\"https:\\\/\\\/vpwhite.com\\\/wp-content\\\/uploads\\\/2023\\\/11\\\/Header-Transform.webp\",\"contentUrl\":\"https:\\\/\\\/vpwhite.com\\\/wp-content\\\/uploads\\\/2023\\\/11\\\/Header-Transform.webp\",\"width\":1200,\"height\":800},{\"@type\":\"BreadcrumbList\",\"@id\":\"https:\\\/\\\/vpwhite.com\\\/transform\\\/#breadcrumb\",\"itemListElement\":[{\"@type\":\"ListItem\",\"position\":1,\"name\":\"Accueil\",\"item\":\"https:\\\/\\\/vpwhite.com\\\/\"},{\"@type\":\"ListItem\",\"position\":2,\"name\":\"Offre transform\"}]},{\"@type\":\"WebSite\",\"@id\":\"https:\\\/\\\/vpwhite.com\\\/en\\\/#website\",\"url\":\"https:\\\/\\\/vpwhite.com\\\/en\\\/\",\"name\":\"VPWhite\",\"description\":\"Drive to improve\",\"publisher\":{\"@id\":\"https:\\\/\\\/vpwhite.com\\\/en\\\/#organization\"},\"potentialAction\":[{\"@type\":\"SearchAction\",\"target\":{\"@type\":\"EntryPoint\",\"urlTemplate\":\"https:\\\/\\\/vpwhite.com\\\/en\\\/?s={search_term_string}\"},\"query-input\":{\"@type\":\"PropertyValueSpecification\",\"valueRequired\":true,\"valueName\":\"search_term_string\"}}],\"inLanguage\":\"de\"},{\"@type\":\"Organization\",\"@id\":\"https:\\\/\\\/vpwhite.com\\\/en\\\/#organization\",\"name\":\"VPWhite\",\"url\":\"https:\\\/\\\/vpwhite.com\\\/en\\\/\",\"logo\":{\"@type\":\"ImageObject\",\"inLanguage\":\"de\",\"@id\":\"https:\\\/\\\/vpwhite.com\\\/en\\\/#\\\/schema\\\/logo\\\/image\\\/\",\"url\":\"https:\\\/\\\/vpwhite.com\\\/wp-content\\\/uploads\\\/2025\\\/03\\\/cropped-LOGO-BLEU-TRANSPARENT-RVB.webp\",\"contentUrl\":\"https:\\\/\\\/vpwhite.com\\\/wp-content\\\/uploads\\\/2025\\\/03\\\/cropped-LOGO-BLEU-TRANSPARENT-RVB.webp\",\"width\":1000,\"height\":279,\"caption\":\"VPWhite\"},\"image\":{\"@id\":\"https:\\\/\\\/vpwhite.com\\\/en\\\/#\\\/schema\\\/logo\\\/image\\\/\"}}]}<\/script>\n<!-- \/ Yoast SEO plugin. -->","yoast_head_json":{"title":"Offre transform - VPWhite","description":"Guider votre transformation digitale : vous conseiller pour faciliter la prise de d\u00e9cision et pour assurer une mise en \u0153uvre durable de votre transformation digitale.","robots":{"index":"index","follow":"follow","max-snippet":"max-snippet:-1","max-image-preview":"max-image-preview:large","max-video-preview":"max-video-preview:-1"},"canonical":"https:\/\/vpwhite.com\/de\/transform\/","og_locale":"de_DE","og_type":"article","og_title":"Offre transform - VPWhite","og_description":"Guider votre transformation digitale : vous conseiller pour faciliter la prise de d\u00e9cision et pour assurer une mise en \u0153uvre durable de votre transformation digitale.","og_url":"https:\/\/vpwhite.com\/de\/transform\/","og_site_name":"VPWhite","article_modified_time":"2025-07-07T14:48:36+00:00","og_image":[{"width":1200,"height":800,"url":"https:\/\/vpwhite.com\/wp-content\/uploads\/2023\/11\/Header-Transform.webp","type":"image\/webp"}],"twitter_card":"summary_large_image","twitter_misc":{"Gesch\u00e4tzte Lesezeit":"2\u00a0Minuten"},"schema":{"@context":"https:\/\/schema.org","@graph":[{"@type":"WebPage","@id":"https:\/\/vpwhite.com\/transform\/","url":"https:\/\/vpwhite.com\/transform\/","name":"Offre transform - VPWhite","isPartOf":{"@id":"https:\/\/vpwhite.com\/en\/#website"},"primaryImageOfPage":{"@id":"https:\/\/vpwhite.com\/transform\/#primaryimage"},"image":{"@id":"https:\/\/vpwhite.com\/transform\/#primaryimage"},"thumbnailUrl":"https:\/\/vpwhite.com\/wp-content\/uploads\/2023\/11\/Header-Transform.webp","datePublished":"2024-07-25T09:34:18+00:00","dateModified":"2025-07-07T14:48:36+00:00","description":"Guider votre transformation digitale : vous conseiller pour faciliter la prise de d\u00e9cision et pour assurer une mise en \u0153uvre durable de votre transformation digitale.","breadcrumb":{"@id":"https:\/\/vpwhite.com\/transform\/#breadcrumb"},"inLanguage":"de","potentialAction":[{"@type":"ReadAction","target":["https:\/\/vpwhite.com\/transform\/"]}]},{"@type":"ImageObject","inLanguage":"de","@id":"https:\/\/vpwhite.com\/transform\/#primaryimage","url":"https:\/\/vpwhite.com\/wp-content\/uploads\/2023\/11\/Header-Transform.webp","contentUrl":"https:\/\/vpwhite.com\/wp-content\/uploads\/2023\/11\/Header-Transform.webp","width":1200,"height":800},{"@type":"BreadcrumbList","@id":"https:\/\/vpwhite.com\/transform\/#breadcrumb","itemListElement":[{"@type":"ListItem","position":1,"name":"Accueil","item":"https:\/\/vpwhite.com\/"},{"@type":"ListItem","position":2,"name":"Offre transform"}]},{"@type":"WebSite","@id":"https:\/\/vpwhite.com\/en\/#website","url":"https:\/\/vpwhite.com\/en\/","name":"VPWhite","description":"Drive to improve","publisher":{"@id":"https:\/\/vpwhite.com\/en\/#organization"},"potentialAction":[{"@type":"SearchAction","target":{"@type":"EntryPoint","urlTemplate":"https:\/\/vpwhite.com\/en\/?s={search_term_string}"},"query-input":{"@type":"PropertyValueSpecification","valueRequired":true,"valueName":"search_term_string"}}],"inLanguage":"de"},{"@type":"Organization","@id":"https:\/\/vpwhite.com\/en\/#organization","name":"VPWhite","url":"https:\/\/vpwhite.com\/en\/","logo":{"@type":"ImageObject","inLanguage":"de","@id":"https:\/\/vpwhite.com\/en\/#\/schema\/logo\/image\/","url":"https:\/\/vpwhite.com\/wp-content\/uploads\/2025\/03\/cropped-LOGO-BLEU-TRANSPARENT-RVB.webp","contentUrl":"https:\/\/vpwhite.com\/wp-content\/uploads\/2025\/03\/cropped-LOGO-BLEU-TRANSPARENT-RVB.webp","width":1000,"height":279,"caption":"VPWhite"},"image":{"@id":"https:\/\/vpwhite.com\/en\/#\/schema\/logo\/image\/"}}]}},"_links":{"self":[{"href":"https:\/\/vpwhite.com\/de\/wp-json\/wp\/v2\/pages\/5947","targetHints":{"allow":["GET"]}}],"collection":[{"href":"https:\/\/vpwhite.com\/de\/wp-json\/wp\/v2\/pages"}],"about":[{"href":"https:\/\/vpwhite.com\/de\/wp-json\/wp\/v2\/types\/page"}],"author":[{"embeddable":true,"href":"https:\/\/vpwhite.com\/de\/wp-json\/wp\/v2\/users\/1"}],"replies":[{"embeddable":true,"href":"https:\/\/vpwhite.com\/de\/wp-json\/wp\/v2\/comments?post=5947"}],"version-history":[{"count":93,"href":"https:\/\/vpwhite.com\/de\/wp-json\/wp\/v2\/pages\/5947\/revisions"}],"predecessor-version":[{"id":11852,"href":"https:\/\/vpwhite.com\/de\/wp-json\/wp\/v2\/pages\/5947\/revisions\/11852"}],"wp:featuredmedia":[{"embeddable":true,"href":"https:\/\/vpwhite.com\/de\/wp-json\/wp\/v2\/media\/1237"}],"wp:attachment":[{"href":"https:\/\/vpwhite.com\/de\/wp-json\/wp\/v2\/media?parent=5947"}],"curies":[{"name":"wp","href":"https:\/\/api.w.org\/{rel}","templated":true}]}}