{"id":426,"date":"2023-11-27T13:47:50","date_gmt":"2023-11-27T13:47:50","guid":{"rendered":"https:\/\/vpwhite.com\/?page_id=426"},"modified":"2025-09-24T07:57:28","modified_gmt":"2025-09-24T07:57:28","slug":"mentions-legales","status":"publish","type":"page","link":"https:\/\/vpwhite.com\/de\/mentions-legales\/","title":{"rendered":"Mentions L\u00e9gales"},"content":{"rendered":"<div data-elementor-type=\"wp-page\" data-elementor-id=\"426\" class=\"elementor elementor-426\" data-elementor-post-type=\"page\">\n\t\t\t\t\t\t<section class=\"elementor-section elementor-top-section elementor-element elementor-element-fb6d88d elementor-section-boxed elementor-section-height-default elementor-section-height-default\" data-id=\"fb6d88d\" data-element_type=\"section\" data-e-type=\"section\">\n\t\t\t\t\t\t<div class=\"elementor-container elementor-column-gap-default\">\n\t\t\t\t\t<div class=\"elementor-column elementor-col-100 elementor-top-column elementor-element elementor-element-8ba4f63\" data-id=\"8ba4f63\" data-element_type=\"column\" data-e-type=\"column\">\n\t\t\t<div class=\"elementor-widget-wrap elementor-element-populated\">\n\t\t\t\t\t\t<div class=\"elementor-element elementor-element-5facce5 elementor-widget elementor-widget-heading\" data-id=\"5facce5\" data-element_type=\"widget\" data-e-type=\"widget\" data-widget_type=\"heading.default\">\n\t\t\t\t\t<h1 class=\"elementor-heading-title elementor-size-default\">Rechtlicher Hinweis<\/h1>\t\t\t\t<\/div>\n\t\t\t\t<div class=\"elementor-element elementor-element-2ecc83f elementor-widget elementor-widget-text-editor\" data-id=\"2ecc83f\" data-element_type=\"widget\" data-e-type=\"widget\" data-widget_type=\"text-editor.default\">\n\t\t\t\t\t\t\t\t\tR\u00e9glement\u00e9es par la loi n\u00b0 2004-575 du 21 juin 2004 pour la confiance dans l\u2019\u00e9conomie num\u00e9rique.\n\n\t\t\t\t\t\t\t\t<\/div>\n\t\t\t\t<div class=\"elementor-element elementor-element-66aeb82 elementor-widget elementor-widget-heading\" data-id=\"66aeb82\" data-element_type=\"widget\" data-e-type=\"widget\" data-widget_type=\"heading.default\">\n\t\t\t\t\t<h2 class=\"elementor-heading-title elementor-size-default\">Editeur<\/h2>\t\t\t\t<\/div>\n\t\t\t\t<div class=\"elementor-element elementor-element-3eefa8e elementor-widget elementor-widget-text-editor\" data-id=\"3eefa8e\" data-element_type=\"widget\" data-e-type=\"widget\" data-widget_type=\"text-editor.default\">\n\t\t\t\t\t\t\t\t\tVP&amp;WHITE SASU<br>\nSoci\u00e9t\u00e9 par Actions Simplifi\u00e9e Unipersonnelle au capital de 562 610,36 \u20ac<br>\nSi\u00e8ge social : 62 bis avenue Andr\u00e9 Morizet, 92100 Boulogne-Billancourt<br>\nRCS NANTERRE : n\u00b0488 402 181<br>\nT\u00e9l. : +33 (0)1 87 49 94 96<br>\ne-mail : infos@vpwhite.com\t\t\t\t\t\t\t\t<\/div>\n\t\t\t\t<div class=\"elementor-element elementor-element-0452c8b elementor-widget elementor-widget-heading\" data-id=\"0452c8b\" data-element_type=\"widget\" data-e-type=\"widget\" data-widget_type=\"heading.default\">\n\t\t\t\t\t<h2 class=\"elementor-heading-title elementor-size-default\">Directeur de la publication<\/h2>\t\t\t\t<\/div>\n\t\t\t\t<div class=\"elementor-element elementor-element-c3b5a5f elementor-widget elementor-widget-text-editor\" data-id=\"c3b5a5f\" data-element_type=\"widget\" data-e-type=\"widget\" data-widget_type=\"text-editor.default\">\n\t\t\t\t\t\t\t\t\tMonsieur Nicolas PERRIN\n\n\t\t\t\t\t\t\t\t<\/div>\n\t\t\t\t<div class=\"elementor-element elementor-element-a16774c elementor-widget elementor-widget-heading\" data-id=\"a16774c\" data-element_type=\"widget\" data-e-type=\"widget\" data-widget_type=\"heading.default\">\n\t\t\t\t\t<h2 class=\"elementor-heading-title elementor-size-default\">H\u00e9bergeur\n<\/h2>\t\t\t\t<\/div>\n\t\t\t\t<div class=\"elementor-element elementor-element-8867b3d elementor-widget elementor-widget-text-editor\" data-id=\"8867b3d\" data-element_type=\"widget\" data-e-type=\"widget\" data-widget_type=\"text-editor.default\">\n\t\t\t\t\t\t\t\t\t1and1<br>\n7, place de la Gare<br>\n57200 Sarreguemines, France<br>\nT\u00e9l : 0970 808 911\t\t\t\t\t\t\t\t<\/div>\n\t\t\t\t\t<\/div>\n\t\t<\/div>\n\t\t\t\t\t<\/div>\n\t\t<\/section>\n\t\t\t\t<\/div>","protected":false},"excerpt":{"rendered":"<p>Mentions l\u00e9gales R\u00e9glement\u00e9es par la loi n\u00b0 2004-575 du 21 juin 2004 pour la confiance dans l\u2019\u00e9conomie num\u00e9rique. Editeur VP&amp;WHITE SASU Soci\u00e9t\u00e9 par Actions Simplifi\u00e9e Unipersonnelle au capital de 562 610,36 \u20ac Si\u00e8ge social : 62 bis avenue Andr\u00e9 Morizet, 92100 Boulogne-Billancourt RCS NANTERRE : n\u00b0488 402 181 T\u00e9l. : +33 (0)1 87 49 94 [&hellip;]<\/p>\n","protected":false},"author":1,"featured_media":0,"parent":0,"menu_order":0,"comment_status":"closed","ping_status":"closed","template":"","meta":{"_monsterinsights_skip_tracking":false,"_monsterinsights_sitenote_active":false,"_monsterinsights_sitenote_note":"","_monsterinsights_sitenote_category":0,"footnotes":""},"class_list":["post-426","page","type-page","status-publish","hentry"],"yoast_head":"<!-- This site is optimized with the Yoast SEO plugin v27.4 - https:\/\/yoast.com\/product\/yoast-seo-wordpress\/ -->\n<title>Mentions L\u00e9gales - VPWhite<\/title>\n<meta name=\"robots\" content=\"index, follow, max-snippet:-1, max-image-preview:large, max-video-preview:-1\" \/>\n<link rel=\"canonical\" href=\"https:\/\/vpwhite.com\/de\/mentions-legales\/\" \/>\n<meta property=\"og:locale\" content=\"de_DE\" \/>\n<meta property=\"og:type\" content=\"article\" \/>\n<meta property=\"og:title\" content=\"Mentions L\u00e9gales - VPWhite\" \/>\n<meta property=\"og:description\" content=\"Mentions l\u00e9gales R\u00e9glement\u00e9es par la loi n\u00b0 2004-575 du 21 juin 2004 pour la confiance dans l\u2019\u00e9conomie num\u00e9rique. Editeur VP&amp;WHITE SASU Soci\u00e9t\u00e9 par Actions Simplifi\u00e9e Unipersonnelle au capital de 562 610,36 \u20ac Si\u00e8ge social : 62 bis avenue Andr\u00e9 Morizet, 92100 Boulogne-Billancourt RCS NANTERRE : n\u00b0488 402 181 T\u00e9l. : +33 (0)1 87 49 94 [&hellip;]\" \/>\n<meta property=\"og:url\" content=\"https:\/\/vpwhite.com\/de\/mentions-legales\/\" \/>\n<meta property=\"og:site_name\" content=\"VPWhite\" \/>\n<meta property=\"article:modified_time\" content=\"2025-09-24T07:57:28+00:00\" \/>\n<meta name=\"twitter:card\" content=\"summary_large_image\" \/>\n<meta name=\"twitter:label1\" content=\"Gesch\u00e4tzte Lesezeit\" \/>\n\t<meta name=\"twitter:data1\" content=\"1\u00a0Minute\" \/>\n<script type=\"application\/ld+json\" class=\"yoast-schema-graph\">{\"@context\":\"https:\\\/\\\/schema.org\",\"@graph\":[{\"@type\":\"WebPage\",\"@id\":\"https:\\\/\\\/vpwhite.com\\\/fr\\\/mentions-legales\\\/\",\"url\":\"https:\\\/\\\/vpwhite.com\\\/fr\\\/mentions-legales\\\/\",\"name\":\"Mentions L\u00e9gales - VPWhite\",\"isPartOf\":{\"@id\":\"https:\\\/\\\/vpwhite.com\\\/en\\\/#website\"},\"datePublished\":\"2023-11-27T13:47:50+00:00\",\"dateModified\":\"2025-09-24T07:57:28+00:00\",\"breadcrumb\":{\"@id\":\"https:\\\/\\\/vpwhite.com\\\/fr\\\/mentions-legales\\\/#breadcrumb\"},\"inLanguage\":\"de\",\"potentialAction\":[{\"@type\":\"ReadAction\",\"target\":[\"https:\\\/\\\/vpwhite.com\\\/fr\\\/mentions-legales\\\/\"]}]},{\"@type\":\"BreadcrumbList\",\"@id\":\"https:\\\/\\\/vpwhite.com\\\/fr\\\/mentions-legales\\\/#breadcrumb\",\"itemListElement\":[{\"@type\":\"ListItem\",\"position\":1,\"name\":\"Accueil\",\"item\":\"https:\\\/\\\/vpwhite.com\\\/\"},{\"@type\":\"ListItem\",\"position\":2,\"name\":\"Mentions L\u00e9gales\"}]},{\"@type\":\"WebSite\",\"@id\":\"https:\\\/\\\/vpwhite.com\\\/en\\\/#website\",\"url\":\"https:\\\/\\\/vpwhite.com\\\/en\\\/\",\"name\":\"VPWhite\",\"description\":\"Drive to improve\",\"publisher\":{\"@id\":\"https:\\\/\\\/vpwhite.com\\\/en\\\/#organization\"},\"potentialAction\":[{\"@type\":\"SearchAction\",\"target\":{\"@type\":\"EntryPoint\",\"urlTemplate\":\"https:\\\/\\\/vpwhite.com\\\/en\\\/?s={search_term_string}\"},\"query-input\":{\"@type\":\"PropertyValueSpecification\",\"valueRequired\":true,\"valueName\":\"search_term_string\"}}],\"inLanguage\":\"de\"},{\"@type\":\"Organization\",\"@id\":\"https:\\\/\\\/vpwhite.com\\\/en\\\/#organization\",\"name\":\"VPWhite\",\"url\":\"https:\\\/\\\/vpwhite.com\\\/en\\\/\",\"logo\":{\"@type\":\"ImageObject\",\"inLanguage\":\"de\",\"@id\":\"https:\\\/\\\/vpwhite.com\\\/en\\\/#\\\/schema\\\/logo\\\/image\\\/\",\"url\":\"https:\\\/\\\/vpwhite.com\\\/wp-content\\\/uploads\\\/2025\\\/03\\\/cropped-LOGO-BLEU-TRANSPARENT-RVB.webp\",\"contentUrl\":\"https:\\\/\\\/vpwhite.com\\\/wp-content\\\/uploads\\\/2025\\\/03\\\/cropped-LOGO-BLEU-TRANSPARENT-RVB.webp\",\"width\":1000,\"height\":279,\"caption\":\"VPWhite\"},\"image\":{\"@id\":\"https:\\\/\\\/vpwhite.com\\\/en\\\/#\\\/schema\\\/logo\\\/image\\\/\"}}]}<\/script>\n<!-- \/ Yoast SEO plugin. -->","yoast_head_json":{"title":"Mentions L\u00e9gales - VPWhite","robots":{"index":"index","follow":"follow","max-snippet":"max-snippet:-1","max-image-preview":"max-image-preview:large","max-video-preview":"max-video-preview:-1"},"canonical":"https:\/\/vpwhite.com\/de\/mentions-legales\/","og_locale":"de_DE","og_type":"article","og_title":"Mentions L\u00e9gales - VPWhite","og_description":"Mentions l\u00e9gales R\u00e9glement\u00e9es par la loi n\u00b0 2004-575 du 21 juin 2004 pour la confiance dans l\u2019\u00e9conomie num\u00e9rique. Editeur VP&amp;WHITE SASU Soci\u00e9t\u00e9 par Actions Simplifi\u00e9e Unipersonnelle au capital de 562 610,36 \u20ac Si\u00e8ge social : 62 bis avenue Andr\u00e9 Morizet, 92100 Boulogne-Billancourt RCS NANTERRE : n\u00b0488 402 181 T\u00e9l. : +33 (0)1 87 49 94 [&hellip;]","og_url":"https:\/\/vpwhite.com\/de\/mentions-legales\/","og_site_name":"VPWhite","article_modified_time":"2025-09-24T07:57:28+00:00","twitter_card":"summary_large_image","twitter_misc":{"Gesch\u00e4tzte Lesezeit":"1\u00a0Minute"},"schema":{"@context":"https:\/\/schema.org","@graph":[{"@type":"WebPage","@id":"https:\/\/vpwhite.com\/fr\/mentions-legales\/","url":"https:\/\/vpwhite.com\/fr\/mentions-legales\/","name":"Mentions L\u00e9gales - VPWhite","isPartOf":{"@id":"https:\/\/vpwhite.com\/en\/#website"},"datePublished":"2023-11-27T13:47:50+00:00","dateModified":"2025-09-24T07:57:28+00:00","breadcrumb":{"@id":"https:\/\/vpwhite.com\/fr\/mentions-legales\/#breadcrumb"},"inLanguage":"de","potentialAction":[{"@type":"ReadAction","target":["https:\/\/vpwhite.com\/fr\/mentions-legales\/"]}]},{"@type":"BreadcrumbList","@id":"https:\/\/vpwhite.com\/fr\/mentions-legales\/#breadcrumb","itemListElement":[{"@type":"ListItem","position":1,"name":"Accueil","item":"https:\/\/vpwhite.com\/"},{"@type":"ListItem","position":2,"name":"Mentions L\u00e9gales"}]},{"@type":"WebSite","@id":"https:\/\/vpwhite.com\/en\/#website","url":"https:\/\/vpwhite.com\/en\/","name":"VPWhite","description":"Drive to improve","publisher":{"@id":"https:\/\/vpwhite.com\/en\/#organization"},"potentialAction":[{"@type":"SearchAction","target":{"@type":"EntryPoint","urlTemplate":"https:\/\/vpwhite.com\/en\/?s={search_term_string}"},"query-input":{"@type":"PropertyValueSpecification","valueRequired":true,"valueName":"search_term_string"}}],"inLanguage":"de"},{"@type":"Organization","@id":"https:\/\/vpwhite.com\/en\/#organization","name":"VPWhite","url":"https:\/\/vpwhite.com\/en\/","logo":{"@type":"ImageObject","inLanguage":"de","@id":"https:\/\/vpwhite.com\/en\/#\/schema\/logo\/image\/","url":"https:\/\/vpwhite.com\/wp-content\/uploads\/2025\/03\/cropped-LOGO-BLEU-TRANSPARENT-RVB.webp","contentUrl":"https:\/\/vpwhite.com\/wp-content\/uploads\/2025\/03\/cropped-LOGO-BLEU-TRANSPARENT-RVB.webp","width":1000,"height":279,"caption":"VPWhite"},"image":{"@id":"https:\/\/vpwhite.com\/en\/#\/schema\/logo\/image\/"}}]}},"_links":{"self":[{"href":"https:\/\/vpwhite.com\/de\/wp-json\/wp\/v2\/pages\/426","targetHints":{"allow":["GET"]}}],"collection":[{"href":"https:\/\/vpwhite.com\/de\/wp-json\/wp\/v2\/pages"}],"about":[{"href":"https:\/\/vpwhite.com\/de\/wp-json\/wp\/v2\/types\/page"}],"author":[{"embeddable":true,"href":"https:\/\/vpwhite.com\/de\/wp-json\/wp\/v2\/users\/1"}],"replies":[{"embeddable":true,"href":"https:\/\/vpwhite.com\/de\/wp-json\/wp\/v2\/comments?post=426"}],"version-history":[{"count":16,"href":"https:\/\/vpwhite.com\/de\/wp-json\/wp\/v2\/pages\/426\/revisions"}],"predecessor-version":[{"id":12835,"href":"https:\/\/vpwhite.com\/de\/wp-json\/wp\/v2\/pages\/426\/revisions\/12835"}],"wp:attachment":[{"href":"https:\/\/vpwhite.com\/de\/wp-json\/wp\/v2\/media?parent=426"}],"curies":[{"name":"wp","href":"https:\/\/api.w.org\/{rel}","templated":true}]}}