{"id":3,"date":"2023-11-24T15:16:33","date_gmt":"2023-11-24T15:16:33","guid":{"rendered":"https:\/\/vpwhite.com\/?page_id=3"},"modified":"2025-09-24T07:56:13","modified_gmt":"2025-09-24T07:56:13","slug":"politique-de-confidentialite","status":"publish","type":"page","link":"https:\/\/vpwhite.com\/de\/politique-de-confidentialite\/","title":{"rendered":"Datenschutzpolitik verwendet."},"content":{"rendered":"<div data-elementor-type=\"wp-page\" data-elementor-id=\"3\" class=\"elementor elementor-3\" data-elementor-post-type=\"page\">\n\t\t\t\t\t\t<section class=\"elementor-section elementor-top-section elementor-element elementor-element-14dcadc elementor-section-boxed elementor-section-height-default elementor-section-height-default\" data-id=\"14dcadc\" data-element_type=\"section\" data-e-type=\"section\">\n\t\t\t\t\t\t<div class=\"elementor-container elementor-column-gap-default\">\n\t\t\t\t\t<div class=\"elementor-column elementor-col-100 elementor-top-column elementor-element elementor-element-fe83729\" data-id=\"fe83729\" data-element_type=\"column\" data-e-type=\"column\">\n\t\t\t<div class=\"elementor-widget-wrap elementor-element-populated\">\n\t\t\t\t\t\t<div class=\"elementor-element elementor-element-7a627d2 elementor-widget elementor-widget-heading\" data-id=\"7a627d2\" data-element_type=\"widget\" data-e-type=\"widget\" data-widget_type=\"heading.default\">\n\t\t\t\t\t<h1 class=\"elementor-heading-title elementor-size-default\">Datenschutzpolitik verwendet.\n<\/h1>\t\t\t\t<\/div>\n\t\t\t\t<div class=\"elementor-element elementor-element-fa797ef elementor-widget elementor-widget-heading\" data-id=\"fa797ef\" data-element_type=\"widget\" data-e-type=\"widget\" data-widget_type=\"heading.default\">\n\t\t\t\t\t<h2 class=\"elementor-heading-title elementor-size-default\">Datenerhebung\n<\/h2>\t\t\t\t<\/div>\n\t\t\t\t<div class=\"elementor-element elementor-element-713133e elementor-widget elementor-widget-text-editor\" data-id=\"713133e\" data-element_type=\"widget\" data-e-type=\"widget\" data-widget_type=\"text-editor.default\">\n\t\t\t\t\t\t\t\t\t<p>Pour acc\u00e9der aux ressources et services de VPWHITE, les utilisateurs renseignent des donn\u00e9es \u00e0 caract\u00e8re personnel telles que, notamment, leur nom, pr\u00e9nom, adresse \u00e9lectronique.<\/p><p>Les informations personnelles concernant les utilisateurs du site sont confidentielles. VPWHITE est responsable du traitement des donn\u00e9es collect\u00e9es, Conform\u00e9ment au R\u00e8glement G\u00e9n\u00e9ral de Protection des Donn\u00e9es de 2018 sur la protection des donn\u00e9es personnelles.<\/p><p>L\u2019utilisation du site et\/ou renseignement fournis via les formulaires de contact VPWHITE par l\u2019utilisateur emportent consentement expr\u00e8s et sans r\u00e9serve au traitement de leurs donn\u00e9es personnelles, les utilisateurs disposant du droit de retirer leur consentement ult\u00e9rieurement.<\/p>\t\t\t\t\t\t\t\t<\/div>\n\t\t\t\t<div class=\"elementor-element elementor-element-916a443 elementor-widget elementor-widget-heading\" data-id=\"916a443\" data-element_type=\"widget\" data-e-type=\"widget\" data-widget_type=\"heading.default\">\n\t\t\t\t\t<h2 class=\"elementor-heading-title elementor-size-default\">Finalit\u00e9 des traitements de donn\u00e9es\n<\/h2>\t\t\t\t<\/div>\n\t\t\t\t<div class=\"elementor-element elementor-element-fa7f443 elementor-widget elementor-widget-text-editor\" data-id=\"fa7f443\" data-element_type=\"widget\" data-e-type=\"widget\" data-widget_type=\"text-editor.default\">\n\t\t\t\t\t\t\t\t\tLes donn\u00e9es collect\u00e9es par VPWHITE \u00e0 l\u2019occasion de l\u2019utilisation du site sont trait\u00e9es en vue de permettre l\u2019acc\u00e8s aux ressources diffus\u00e9es sur le site, l\u2019identification des utilisateurs, l\u2019am\u00e9lioration des services, et la diffusion de contenus \u00e9ditoriaux ainsi que d\u2019op\u00e9rations de prospection commerciale.\t\t\t\t\t\t\t\t<\/div>\n\t\t\t\t<div class=\"elementor-element elementor-element-cf037f4 elementor-widget elementor-widget-heading\" data-id=\"cf037f4\" data-element_type=\"widget\" data-e-type=\"widget\" data-widget_type=\"heading.default\">\n\t\t\t\t\t<h2 class=\"elementor-heading-title elementor-size-default\">Circulation des donn\u00e9es\n<\/h2>\t\t\t\t<\/div>\n\t\t\t\t<div class=\"elementor-element elementor-element-84707b6 elementor-widget elementor-widget-text-editor\" data-id=\"84707b6\" data-element_type=\"widget\" data-e-type=\"widget\" data-widget_type=\"text-editor.default\">\n\t\t\t\t\t\t\t\t\t<div id=\"content\" class=\"site-content\"><div class=\"legal-content-text\"><div class=\"section\"><p>VPWHITE n\u2019utilise les donn\u00e9es collect\u00e9es aupr\u00e8s de ses utilisateurs que pour ses besoins propres. Les donn\u00e9es sont stock\u00e9es sur une plateforme tierce \u00ab Plezi \u00bb afin d\u2019envoyer des newsletters ou campagnes marketing ou de publier des contenus sp\u00e9cifiques<\/p><\/div><\/div><\/div>\t\t\t\t\t\t\t\t<\/div>\n\t\t\t\t<div class=\"elementor-element elementor-element-44d6921 elementor-widget elementor-widget-heading\" data-id=\"44d6921\" data-element_type=\"widget\" data-e-type=\"widget\" data-widget_type=\"heading.default\">\n\t\t\t\t\t<h2 class=\"elementor-heading-title elementor-size-default\">Dur\u00e9e de conservation\n<\/h2>\t\t\t\t<\/div>\n\t\t\t\t<div class=\"elementor-element elementor-element-05b1fd8 elementor-widget elementor-widget-text-editor\" data-id=\"05b1fd8\" data-element_type=\"widget\" data-e-type=\"widget\" data-widget_type=\"text-editor.default\">\n\t\t\t\t\t\t\t\t\tLorsque nos visiteurs nous fournissent de mani\u00e8re explicite leurs coordonn\u00e9es pour s\u2019inscrire \u00e0 la newsletter ou demander \u00e0 \u00eatre contact\u00e9, nous collectons des donn\u00e9es personnelles mentionn\u00e9es ci-dessus. Les donn\u00e9es personnelles collect\u00e9es par VPWHITE \u00e0 l\u2019occasion de l\u2019acc\u00e8s \u00e0 ses ressources sont conserv\u00e9es pendant une dur\u00e9e maximale de 36 mois \u00e0 compter de leur collecte, et ce afin de pouvoir continuer \u00e0 informer les utilisateurs de l\u2019\u00e9volution de nos services, et de la disponibilit\u00e9 de nouveaux contenus.\n\n\t\t\t\t\t\t\t\t<\/div>\n\t\t\t\t<div class=\"elementor-element elementor-element-73a13e6 elementor-widget elementor-widget-heading\" data-id=\"73a13e6\" data-element_type=\"widget\" data-e-type=\"widget\" data-widget_type=\"heading.default\">\n\t\t\t\t\t<h2 class=\"elementor-heading-title elementor-size-default\">Droit d\u2019acc\u00e8s, de modification ou de suppression des donn\u00e9es\n<\/h2>\t\t\t\t<\/div>\n\t\t\t\t<div class=\"elementor-element elementor-element-7083640 elementor-widget elementor-widget-text-editor\" data-id=\"7083640\" data-element_type=\"widget\" data-e-type=\"widget\" data-widget_type=\"text-editor.default\">\n\t\t\t\t\t\t\t\t\tConform\u00e9ment \u00e0 la loi \u00ab informatique et libert\u00e9s \u00bb du 6 janvier 1978 et au R\u00e8glement (UE) 2016\/679 du 27 avril 2016, les utilisateurs disposent d\u2019un droit individuel d\u2019acc\u00e8s, de rectification, d\u2019effacement, de limitation, d\u2019opposition et de portabilit\u00e9 des donn\u00e9es qui les concernent. Ces droits peuvent \u00eatre exerc\u00e9s en adressant une demande \u00e9crite \u00e0 l\u2019adresse suivante : Adresse E-mail : <a style=\"color: #4471e3;\" href=\"mailto:dpo@vpwhite.com\">dpo@vpwhite.com<\/a> . Les utilisateurs disposent \u00e9galement du droit d\u2019introduire des r\u00e9clamations aupr\u00e8s de la CNIL concernant l\u2019exercice des droits susvis\u00e9s.\t\t\t\t\t\t\t\t<\/div>\n\t\t\t\t\t<\/div>\n\t\t<\/div>\n\t\t\t\t\t<\/div>\n\t\t<\/section>\n\t\t\t\t<\/div>","protected":false},"excerpt":{"rendered":"<p>Politique de confidentialit\u00e9 Collecte de donn\u00e9es Pour acc\u00e9der aux ressources et services de VPWHITE, les utilisateurs renseignent des donn\u00e9es \u00e0 caract\u00e8re personnel telles que, notamment, leur nom, pr\u00e9nom, adresse \u00e9lectronique. Les informations personnelles concernant les utilisateurs du site sont confidentielles. VPWHITE est responsable du traitement des donn\u00e9es collect\u00e9es, Conform\u00e9ment au R\u00e8glement G\u00e9n\u00e9ral de Protection des [&hellip;]<\/p>\n","protected":false},"author":1,"featured_media":0,"parent":0,"menu_order":0,"comment_status":"closed","ping_status":"closed","template":"","meta":{"_monsterinsights_skip_tracking":false,"_monsterinsights_sitenote_active":false,"_monsterinsights_sitenote_note":"","_monsterinsights_sitenote_category":0,"footnotes":""},"class_list":["post-3","page","type-page","status-publish","hentry"],"yoast_head":"<!-- This site is optimized with the Yoast SEO plugin v27.4 - https:\/\/yoast.com\/product\/yoast-seo-wordpress\/ -->\n<title>Politique de confidentialit\u00e9 - VPWhite<\/title>\n<meta name=\"robots\" content=\"index, follow, max-snippet:-1, max-image-preview:large, max-video-preview:-1\" \/>\n<link rel=\"canonical\" href=\"https:\/\/vpwhite.com\/de\/politique-de-confidentialite\/\" \/>\n<meta property=\"og:locale\" content=\"de_DE\" \/>\n<meta property=\"og:type\" content=\"article\" \/>\n<meta property=\"og:title\" content=\"Politique de confidentialit\u00e9 - VPWhite\" \/>\n<meta property=\"og:description\" content=\"Politique de confidentialit\u00e9 Collecte de donn\u00e9es Pour acc\u00e9der aux ressources et services de VPWHITE, les utilisateurs renseignent des donn\u00e9es \u00e0 caract\u00e8re personnel telles que, notamment, leur nom, pr\u00e9nom, adresse \u00e9lectronique. Les informations personnelles concernant les utilisateurs du site sont confidentielles. VPWHITE est responsable du traitement des donn\u00e9es collect\u00e9es, Conform\u00e9ment au R\u00e8glement G\u00e9n\u00e9ral de Protection des [&hellip;]\" \/>\n<meta property=\"og:url\" content=\"https:\/\/vpwhite.com\/de\/politique-de-confidentialite\/\" \/>\n<meta property=\"og:site_name\" content=\"VPWhite\" \/>\n<meta property=\"article:modified_time\" content=\"2025-09-24T07:56:13+00:00\" \/>\n<meta name=\"twitter:card\" content=\"summary_large_image\" \/>\n<meta name=\"twitter:label1\" content=\"Gesch\u00e4tzte Lesezeit\" \/>\n\t<meta name=\"twitter:data1\" content=\"2\u00a0Minuten\" \/>\n<script type=\"application\/ld+json\" class=\"yoast-schema-graph\">{\"@context\":\"https:\\\/\\\/schema.org\",\"@graph\":[{\"@type\":\"WebPage\",\"@id\":\"https:\\\/\\\/vpwhite.com\\\/politique-de-confidentialite\\\/\",\"url\":\"https:\\\/\\\/vpwhite.com\\\/politique-de-confidentialite\\\/\",\"name\":\"Politique de confidentialit\u00e9 - VPWhite\",\"isPartOf\":{\"@id\":\"https:\\\/\\\/vpwhite.com\\\/en\\\/#website\"},\"datePublished\":\"2023-11-24T15:16:33+00:00\",\"dateModified\":\"2025-09-24T07:56:13+00:00\",\"breadcrumb\":{\"@id\":\"https:\\\/\\\/vpwhite.com\\\/politique-de-confidentialite\\\/#breadcrumb\"},\"inLanguage\":\"de\",\"potentialAction\":[{\"@type\":\"ReadAction\",\"target\":[\"https:\\\/\\\/vpwhite.com\\\/politique-de-confidentialite\\\/\"]}]},{\"@type\":\"BreadcrumbList\",\"@id\":\"https:\\\/\\\/vpwhite.com\\\/politique-de-confidentialite\\\/#breadcrumb\",\"itemListElement\":[{\"@type\":\"ListItem\",\"position\":1,\"name\":\"Accueil\",\"item\":\"https:\\\/\\\/vpwhite.com\\\/\"},{\"@type\":\"ListItem\",\"position\":2,\"name\":\"Politique de confidentialit\u00e9\"}]},{\"@type\":\"WebSite\",\"@id\":\"https:\\\/\\\/vpwhite.com\\\/en\\\/#website\",\"url\":\"https:\\\/\\\/vpwhite.com\\\/en\\\/\",\"name\":\"VPWhite\",\"description\":\"Drive to improve\",\"publisher\":{\"@id\":\"https:\\\/\\\/vpwhite.com\\\/en\\\/#organization\"},\"potentialAction\":[{\"@type\":\"SearchAction\",\"target\":{\"@type\":\"EntryPoint\",\"urlTemplate\":\"https:\\\/\\\/vpwhite.com\\\/en\\\/?s={search_term_string}\"},\"query-input\":{\"@type\":\"PropertyValueSpecification\",\"valueRequired\":true,\"valueName\":\"search_term_string\"}}],\"inLanguage\":\"de\"},{\"@type\":\"Organization\",\"@id\":\"https:\\\/\\\/vpwhite.com\\\/en\\\/#organization\",\"name\":\"VPWhite\",\"url\":\"https:\\\/\\\/vpwhite.com\\\/en\\\/\",\"logo\":{\"@type\":\"ImageObject\",\"inLanguage\":\"de\",\"@id\":\"https:\\\/\\\/vpwhite.com\\\/en\\\/#\\\/schema\\\/logo\\\/image\\\/\",\"url\":\"https:\\\/\\\/vpwhite.com\\\/wp-content\\\/uploads\\\/2025\\\/03\\\/cropped-LOGO-BLEU-TRANSPARENT-RVB.webp\",\"contentUrl\":\"https:\\\/\\\/vpwhite.com\\\/wp-content\\\/uploads\\\/2025\\\/03\\\/cropped-LOGO-BLEU-TRANSPARENT-RVB.webp\",\"width\":1000,\"height\":279,\"caption\":\"VPWhite\"},\"image\":{\"@id\":\"https:\\\/\\\/vpwhite.com\\\/en\\\/#\\\/schema\\\/logo\\\/image\\\/\"}}]}<\/script>\n<!-- \/ Yoast SEO plugin. -->","yoast_head_json":{"title":"Politique de confidentialit\u00e9 - VPWhite","robots":{"index":"index","follow":"follow","max-snippet":"max-snippet:-1","max-image-preview":"max-image-preview:large","max-video-preview":"max-video-preview:-1"},"canonical":"https:\/\/vpwhite.com\/de\/politique-de-confidentialite\/","og_locale":"de_DE","og_type":"article","og_title":"Politique de confidentialit\u00e9 - VPWhite","og_description":"Politique de confidentialit\u00e9 Collecte de donn\u00e9es Pour acc\u00e9der aux ressources et services de VPWHITE, les utilisateurs renseignent des donn\u00e9es \u00e0 caract\u00e8re personnel telles que, notamment, leur nom, pr\u00e9nom, adresse \u00e9lectronique. Les informations personnelles concernant les utilisateurs du site sont confidentielles. VPWHITE est responsable du traitement des donn\u00e9es collect\u00e9es, Conform\u00e9ment au R\u00e8glement G\u00e9n\u00e9ral de Protection des [&hellip;]","og_url":"https:\/\/vpwhite.com\/de\/politique-de-confidentialite\/","og_site_name":"VPWhite","article_modified_time":"2025-09-24T07:56:13+00:00","twitter_card":"summary_large_image","twitter_misc":{"Gesch\u00e4tzte Lesezeit":"2\u00a0Minuten"},"schema":{"@context":"https:\/\/schema.org","@graph":[{"@type":"WebPage","@id":"https:\/\/vpwhite.com\/politique-de-confidentialite\/","url":"https:\/\/vpwhite.com\/politique-de-confidentialite\/","name":"Politique de confidentialit\u00e9 - VPWhite","isPartOf":{"@id":"https:\/\/vpwhite.com\/en\/#website"},"datePublished":"2023-11-24T15:16:33+00:00","dateModified":"2025-09-24T07:56:13+00:00","breadcrumb":{"@id":"https:\/\/vpwhite.com\/politique-de-confidentialite\/#breadcrumb"},"inLanguage":"de","potentialAction":[{"@type":"ReadAction","target":["https:\/\/vpwhite.com\/politique-de-confidentialite\/"]}]},{"@type":"BreadcrumbList","@id":"https:\/\/vpwhite.com\/politique-de-confidentialite\/#breadcrumb","itemListElement":[{"@type":"ListItem","position":1,"name":"Accueil","item":"https:\/\/vpwhite.com\/"},{"@type":"ListItem","position":2,"name":"Politique de confidentialit\u00e9"}]},{"@type":"WebSite","@id":"https:\/\/vpwhite.com\/en\/#website","url":"https:\/\/vpwhite.com\/en\/","name":"VPWhite","description":"Drive to improve","publisher":{"@id":"https:\/\/vpwhite.com\/en\/#organization"},"potentialAction":[{"@type":"SearchAction","target":{"@type":"EntryPoint","urlTemplate":"https:\/\/vpwhite.com\/en\/?s={search_term_string}"},"query-input":{"@type":"PropertyValueSpecification","valueRequired":true,"valueName":"search_term_string"}}],"inLanguage":"de"},{"@type":"Organization","@id":"https:\/\/vpwhite.com\/en\/#organization","name":"VPWhite","url":"https:\/\/vpwhite.com\/en\/","logo":{"@type":"ImageObject","inLanguage":"de","@id":"https:\/\/vpwhite.com\/en\/#\/schema\/logo\/image\/","url":"https:\/\/vpwhite.com\/wp-content\/uploads\/2025\/03\/cropped-LOGO-BLEU-TRANSPARENT-RVB.webp","contentUrl":"https:\/\/vpwhite.com\/wp-content\/uploads\/2025\/03\/cropped-LOGO-BLEU-TRANSPARENT-RVB.webp","width":1000,"height":279,"caption":"VPWhite"},"image":{"@id":"https:\/\/vpwhite.com\/en\/#\/schema\/logo\/image\/"}}]}},"_links":{"self":[{"href":"https:\/\/vpwhite.com\/de\/wp-json\/wp\/v2\/pages\/3","targetHints":{"allow":["GET"]}}],"collection":[{"href":"https:\/\/vpwhite.com\/de\/wp-json\/wp\/v2\/pages"}],"about":[{"href":"https:\/\/vpwhite.com\/de\/wp-json\/wp\/v2\/types\/page"}],"author":[{"embeddable":true,"href":"https:\/\/vpwhite.com\/de\/wp-json\/wp\/v2\/users\/1"}],"replies":[{"embeddable":true,"href":"https:\/\/vpwhite.com\/de\/wp-json\/wp\/v2\/comments?post=3"}],"version-history":[{"count":16,"href":"https:\/\/vpwhite.com\/de\/wp-json\/wp\/v2\/pages\/3\/revisions"}],"predecessor-version":[{"id":12832,"href":"https:\/\/vpwhite.com\/de\/wp-json\/wp\/v2\/pages\/3\/revisions\/12832"}],"wp:attachment":[{"href":"https:\/\/vpwhite.com\/de\/wp-json\/wp\/v2\/media?parent=3"}],"curies":[{"name":"wp","href":"https:\/\/api.w.org\/{rel}","templated":true}]}}