{"id":10978,"date":"2025-04-04T14:46:18","date_gmt":"2025-04-04T14:46:18","guid":{"rendered":"https:\/\/vpwhite.com\/?page_id=10978"},"modified":"2025-12-23T10:35:21","modified_gmt":"2025-12-23T10:35:21","slug":"nos-realisations","status":"publish","type":"page","link":"https:\/\/vpwhite.com\/de\/nos-realisations\/","title":{"rendered":"Unsere Errungenschaften"},"content":{"rendered":"<div data-elementor-type=\"wp-page\" data-elementor-id=\"10978\" class=\"elementor elementor-10978\" data-elementor-post-type=\"page\">\n\t\t\t\t<div class=\"elementor-element elementor-element-ac5620b e-con-full e-flex e-con e-parent\" data-id=\"ac5620b\" data-element_type=\"container\" data-e-type=\"container\" data-settings=\"{&quot;background_background&quot;:&quot;classic&quot;}\">\n\t\t<div class=\"elementor-element elementor-element-c220fe0 e-flex e-con-boxed e-con e-child\" data-id=\"c220fe0\" data-element_type=\"container\" data-e-type=\"container\">\n\t\t\t\t\t<div class=\"e-con-inner\">\n\t\t\t\t<div class=\"elementor-element elementor-element-8d06cbc elementor-view-default elementor-widget elementor-widget-icon\" data-id=\"8d06cbc\" data-element_type=\"widget\" data-e-type=\"widget\" data-widget_type=\"icon.default\">\n\t\t\t\t\t\t\t<div class=\"elementor-icon-wrapper\">\n\t\t\t<div class=\"elementor-icon\">\n\t\t\t<svg xmlns=\"http:\/\/www.w3.org\/2000\/svg\" width=\"196\" height=\"196\" viewbox=\"0 0 196 196\" fill=\"none\"><path d=\"M120.678 61.8651V18.3208C120.678 8.56087 112.772 0.655762 103.012 0.655762C93.2525 0.655762 85.3916 8.56087 85.3916 18.3208V61.8651C85.3916 87.9211 107.826 110.4 133.926 110.4H177.382C187.142 110.4 195.047 102.495 195.047 92.7348C195.047 82.9749 187.142 75.0698 177.382 75.0698H132.557C126.507 75.0698 120.678 68.3129 120.678 61.821V61.8651Z\" fill=\"#00B9FF\"><\/path><path d=\"M74.4738 134.478V178.022C74.4738 187.782 82.3789 195.687 92.1389 195.687C101.899 195.687 109.76 187.782 109.76 178.022V134.478C109.76 108.422 87.3252 85.9429 61.2251 85.9429H17.769C8.00911 85.9429 0.104004 93.848 0.104004 103.608C0.104004 113.368 8.00911 121.273 17.769 121.273H62.5941C68.6444 121.273 74.4738 128.03 74.4738 134.522V134.478Z\" fill=\"white\"><\/path><\/svg>\t\t\t<\/div>\n\t\t<\/div>\n\t\t\t\t\t\t<\/div>\n\t\t\t\t<div class=\"elementor-element elementor-element-3fc10ee elementor-widget__width-initial elementor-widget-mobile__width-inherit elementor-widget elementor-widget-heading\" data-id=\"3fc10ee\" data-element_type=\"widget\" data-e-type=\"widget\" data-widget_type=\"heading.default\">\n\t\t\t\t\t<h1 class=\"elementor-heading-title elementor-size-default\">Unsere Errungenschaften<\/h1>\t\t\t\t<\/div>\n\t\t\t\t\t<\/div>\n\t\t\t\t<\/div>\n\t\t\t\t<\/div>\n\t\t<div class=\"elementor-element elementor-element-f1f7036 e-grid e-con-boxed e-con e-parent\" data-id=\"f1f7036\" data-element_type=\"container\" data-e-type=\"container\">\n\t\t\t\t\t<div class=\"e-con-inner\">\n\t\t<a class=\"elementor-element elementor-element-898ca00 e-con-full e-flex e-con e-child\" data-id=\"898ca00\" data-element_type=\"container\" data-e-type=\"container\" data-settings=\"{&quot;background_background&quot;:&quot;classic&quot;}\" href=\"\/de\/refonte-des-outils-et-processus-de-reporting-hse-beaulieu\/\">\n\t\t\t\t<div class=\"elementor-element elementor-element-450d2ee elementor-widget elementor-widget-heading\" data-id=\"450d2ee\" data-element_type=\"widget\" data-e-type=\"widget\" data-widget_type=\"heading.default\">\n\t\t\t\t\t<h2 class=\"elementor-heading-title elementor-size-default\">Redesign of EHS reporting tools and processes at Beaulieu International<\/h2>\t\t\t\t<\/div>\n\t\t\t\t<div class=\"elementor-element elementor-element-f5e42ce elementor-widget elementor-widget-text-editor\" data-id=\"f5e42ce\" data-element_type=\"widget\" data-e-type=\"widget\" data-widget_type=\"text-editor.default\">\n\t\t\t\t\t\t\t\t\tSector: Industry <br>\nDomain: HSE<br>\nLocation: Belgium\t\t\t\t\t\t\t\t<\/div>\n\t\t\t\t<\/a>\n\t\t<a class=\"elementor-element elementor-element-88e8d7d e-con-full e-flex e-con e-child\" data-id=\"88e8d7d\" data-element_type=\"container\" data-e-type=\"container\" data-settings=\"{&quot;background_background&quot;:&quot;classic&quot;}\" href=\"\/de\/elis-digitalisation-processus-ehs\/\">\n\t\t\t\t<div class=\"elementor-element elementor-element-068e282 elementor-widget elementor-widget-heading\" data-id=\"068e282\" data-element_type=\"widget\" data-e-type=\"widget\" data-widget_type=\"heading.default\">\n\t\t\t\t\t<h2 class=\"elementor-heading-title elementor-size-default\">The Elis Group digitises its EHS processes with Safety Online<\/h2>\t\t\t\t<\/div>\n\t\t\t\t<div class=\"elementor-element elementor-element-e1bdb0d elementor-widget elementor-widget-text-editor\" data-id=\"e1bdb0d\" data-element_type=\"widget\" data-e-type=\"widget\" data-widget_type=\"text-editor.default\">\n\t\t\t\t\t\t\t\t\tSecteur : Services aux entreprises <br>\nDomain: HSE<br>\nLocation: France\t\t\t\t\t\t\t\t<\/div>\n\t\t\t\t<\/a>\n\t\t<a class=\"elementor-element elementor-element-a33ad94 e-con-full e-flex e-con e-child\" data-id=\"a33ad94\" data-element_type=\"container\" data-e-type=\"container\" data-settings=\"{&quot;background_background&quot;:&quot;classic&quot;}\" href=\"\/de\/safran-pilotage-strategie-decarbonation\/\">\n\t\t\t\t<div class=\"elementor-element elementor-element-5a75312 elementor-widget elementor-widget-heading\" data-id=\"5a75312\" data-element_type=\"widget\" data-e-type=\"widget\" data-widget_type=\"heading.default\">\n\t\t\t\t\t<h2 class=\"elementor-heading-title elementor-size-default\">Supporting the Safran Group in steering its decarbonisation strategy<\/h2>\t\t\t\t<\/div>\n\t\t\t\t<div class=\"elementor-element elementor-element-dcf5a24 elementor-widget elementor-widget-text-editor\" data-id=\"dcf5a24\" data-element_type=\"widget\" data-e-type=\"widget\" data-widget_type=\"text-editor.default\">\n\t\t\t\t\t\t\t\t\tSector: Defense<br>\nDomaine : ESG<br>\nLocation: France\t\t\t\t\t\t\t\t<\/div>\n\t\t\t\t<\/a>\n\t\t<a class=\"elementor-element elementor-element-ca2f83f e-con-full e-flex e-con e-child\" data-id=\"ca2f83f\" data-element_type=\"container\" data-e-type=\"container\" data-settings=\"{&quot;background_background&quot;:&quot;classic&quot;}\" href=\"\/de\/bouygues-construction-digitalisation-carbone\/\">\n\t\t\t\t<div class=\"elementor-element elementor-element-bf8f67a elementor-widget elementor-widget-heading\" data-id=\"bf8f67a\" data-element_type=\"widget\" data-e-type=\"widget\" data-widget_type=\"heading.default\">\n\t\t\t\t\t<h2 class=\"elementor-heading-title elementor-size-default\">Digitalisation de la Trajectoire Carbone chez Bouygues Construction<\/h2>\t\t\t\t<\/div>\n\t\t\t\t<div class=\"elementor-element elementor-element-aa7d63b elementor-widget elementor-widget-text-editor\" data-id=\"aa7d63b\" data-element_type=\"widget\" data-e-type=\"widget\" data-widget_type=\"text-editor.default\">\n\t\t\t\t\t\t\t\t\tSector: Building and public works industry<br>\nDomaine : ESG<br>\nLocation: France\t\t\t\t\t\t\t\t<\/div>\n\t\t\t\t<\/a>\n\t\t<a class=\"elementor-element elementor-element-b062d2e e-con-full e-flex e-con e-child\" data-id=\"b062d2e\" data-element_type=\"container\" data-e-type=\"container\" data-settings=\"{&quot;background_background&quot;:&quot;classic&quot;}\" href=\"\/de\/csrd-le-groupe-rocher-structure-sa-conformite-avec-dimension\/\">\n\t\t\t\t<div class=\"elementor-element elementor-element-a81496b elementor-widget elementor-widget-heading\" data-id=\"a81496b\" data-element_type=\"widget\" data-e-type=\"widget\" data-widget_type=\"heading.default\">\n\t\t\t\t\t<h2 class=\"elementor-heading-title elementor-size-default\">Groupe Rocher: Strukturierung der CSRD-Compliance mit dem Dimension-Portal <\/h2>\t\t\t\t<\/div>\n\t\t\t\t<div class=\"elementor-element elementor-element-e26d7df elementor-widget elementor-widget-text-editor\" data-id=\"e26d7df\" data-element_type=\"widget\" data-e-type=\"widget\" data-widget_type=\"text-editor.default\">\n\t\t\t\t\t\t\t\t\tSector: Cosmetics<br>\n\nDomaine : ESG<br>\nLocation: France\t\t\t\t\t\t\t\t<\/div>\n\t\t\t\t<\/a>\n\t\t<a class=\"elementor-element elementor-element-1522ab9 e-con-full e-flex e-con e-child\" data-id=\"1522ab9\" data-element_type=\"container\" data-e-type=\"container\" data-settings=\"{&quot;background_background&quot;:&quot;classic&quot;}\" href=\"\/de\/un-reporting-extra-financier-robuste-pour-africa-global-logistics-avec-le-soutien-expert-de-vpwhite\/\">\n\t\t\t\t<div class=\"elementor-element elementor-element-bc063a1 elementor-widget elementor-widget-heading\" data-id=\"bc063a1\" data-element_type=\"widget\" data-e-type=\"widget\" data-widget_type=\"heading.default\">\n\t\t\t\t\t<h2 class=\"elementor-heading-title elementor-size-default\">AGL enhances the reliability of its non-financial reports with VPWhite <\/h2>\t\t\t\t<\/div>\n\t\t\t\t<div class=\"elementor-element elementor-element-ea24b28 elementor-widget elementor-widget-text-editor\" data-id=\"ea24b28\" data-element_type=\"widget\" data-e-type=\"widget\" data-widget_type=\"text-editor.default\">\n\t\t\t\t\t\t\t\t\tSector: Logistics<br>\n\nDomaine : ESG<br>\n\nLocation: France\t\t\t\t\t\t\t\t<\/div>\n\t\t\t\t<\/a>\n\t\t<a class=\"elementor-element elementor-element-3c506d1 e-con-full e-flex e-con e-child\" data-id=\"3c506d1\" data-element_type=\"container\" data-e-type=\"container\" data-settings=\"{&quot;background_background&quot;:&quot;classic&quot;}\" href=\"\/de\/transformation-de-la-gestion-des-risques-chez-la-vaudoise\/\">\n\t\t\t\t<div class=\"elementor-element elementor-element-5f4f511 elementor-widget elementor-widget-heading\" data-id=\"5f4f511\" data-element_type=\"widget\" data-e-type=\"widget\" data-widget_type=\"heading.default\">\n\t\t\t\t\t<h2 class=\"elementor-heading-title elementor-size-default\">Transformation de la gestion des risques chez La Vaudoise <\/h2>\t\t\t\t<\/div>\n\t\t\t\t<div class=\"elementor-element elementor-element-e2553d0 elementor-widget elementor-widget-text-editor\" data-id=\"e2553d0\" data-element_type=\"widget\" data-e-type=\"widget\" data-widget_type=\"text-editor.default\">\n\t\t\t\t\t\t\t\t\tSector : Bank\/Insurance<br>\nDomaine : GRC<br>\nLocalisation : Suisse\t\t\t\t\t\t\t\t<\/div>\n\t\t\t\t<\/a>\n\t\t<a class=\"elementor-element elementor-element-7424045 e-con-full e-flex e-con e-child\" data-id=\"7424045\" data-element_type=\"container\" data-e-type=\"container\" data-settings=\"{&quot;background_background&quot;:&quot;classic&quot;}\" href=\"\/de\/lapport-strategique-de-laccompagnement-advanced-de-vpwhite-pour-optimiser-la-gestion-de-la-suite-logicielle-enablon-chez-imerys\/\">\n\t\t\t\t<div class=\"elementor-element elementor-element-9d41947 elementor-widget elementor-widget-heading\" data-id=\"9d41947\" data-element_type=\"widget\" data-e-type=\"widget\" data-widget_type=\"heading.default\">\n\t\t\t\t\t<h2 class=\"elementor-heading-title elementor-size-default\">L\u2019apport strat\u00e9gique dans l\u2019optimisation d\u2019Enablon chez Imerys<\/h2>\t\t\t\t<\/div>\n\t\t\t\t<div class=\"elementor-element elementor-element-baa6a0a elementor-widget elementor-widget-text-editor\" data-id=\"baa6a0a\" data-element_type=\"widget\" data-e-type=\"widget\" data-widget_type=\"text-editor.default\">\n\t\t\t\t\t\t\t\t\tSector : Mining<br>\nDomain: HSE<br>\nLocation: France\t\t\t\t\t\t\t\t<\/div>\n\t\t\t\t<\/a>\n\t\t<a class=\"elementor-element elementor-element-774095d e-con-full e-flex e-con e-child\" data-id=\"774095d\" data-element_type=\"container\" data-e-type=\"container\" data-settings=\"{&quot;background_background&quot;:&quot;classic&quot;}\" href=\"\/de\/optimiser-le-reporting-social-la-collaboration-durable-dun-groupe-international-du-secteur-du-luxe-avec-vpwhite\/\">\n\t\t\t\t<div class=\"elementor-element elementor-element-b46adde elementor-widget elementor-widget-heading\" data-id=\"b46adde\" data-element_type=\"widget\" data-e-type=\"widget\" data-widget_type=\"heading.default\">\n\t\t\t\t\t<h2 class=\"elementor-heading-title elementor-size-default\">Un acteur du luxe optimise son reporting social avec VPWhite<\/h2>\t\t\t\t<\/div>\n\t\t\t\t<div class=\"elementor-element elementor-element-a84b88d elementor-widget elementor-widget-text-editor\" data-id=\"a84b88d\" data-element_type=\"widget\" data-e-type=\"widget\" data-widget_type=\"text-editor.default\">\n\t\t\t\t\t\t\t\t\tSector : Luxury<br>\nDomaine : ESG<br>\nLocation: France\t\t\t\t\t\t\t\t<\/div>\n\t\t\t\t<\/a>\n\t\t<a class=\"elementor-element elementor-element-a18998a e-con-full e-flex e-con e-child\" data-id=\"a18998a\" data-element_type=\"container\" data-e-type=\"container\" data-settings=\"{&quot;background_background&quot;:&quot;classic&quot;}\" href=\"\/de\/hydro-quebec-une-gestion-des-risques-et-de-la-conformite-reinventee-grace-a-des-solutions-grc-personnalisees\/\">\n\t\t\t\t<div class=\"elementor-element elementor-element-ab2656a elementor-widget elementor-widget-heading\" data-id=\"ab2656a\" data-element_type=\"widget\" data-e-type=\"widget\" data-widget_type=\"heading.default\">\n\t\t\t\t\t<h2 class=\"elementor-heading-title elementor-size-default\">Hydro-Qu\u00e9bec r\u00e9invente sa GRC avec des solutions sur mesure<\/h2>\t\t\t\t<\/div>\n\t\t\t\t<div class=\"elementor-element elementor-element-f2a705f elementor-widget elementor-widget-text-editor\" data-id=\"f2a705f\" data-element_type=\"widget\" data-e-type=\"widget\" data-widget_type=\"text-editor.default\">\n\t\t\t\t\t\t\t\t\tSector : Energy<br>\nDomaine : GRC<br>\nLocalisation : Canada\t\t\t\t\t\t\t\t<\/div>\n\t\t\t\t<\/a>\n\t\t<a class=\"elementor-element elementor-element-e96aba1 e-con-full e-flex e-con e-child\" data-id=\"e96aba1\" data-element_type=\"container\" data-e-type=\"container\" data-settings=\"{&quot;background_background&quot;:&quot;classic&quot;}\" href=\"\/de\/terrena-une-transition-digitale-inspirante-pour-moderniser-les-processus-juridiques\/\">\n\t\t\t\t<div class=\"elementor-element elementor-element-bd4c767 elementor-widget elementor-widget-heading\" data-id=\"bd4c767\" data-element_type=\"widget\" data-e-type=\"widget\" data-widget_type=\"heading.default\">\n\t\t\t\t\t<h2 class=\"elementor-heading-title elementor-size-default\">Transition digitale r\u00e9ussie des processus juridiques chez Terrena<\/h2>\t\t\t\t<\/div>\n\t\t\t\t<div class=\"elementor-element elementor-element-5e00621 elementor-widget elementor-widget-text-editor\" data-id=\"5e00621\" data-element_type=\"widget\" data-e-type=\"widget\" data-widget_type=\"text-editor.default\">\n\t\t\t\t\t\t\t\t\tSector: Food industry<br>\nDomaine : LEGAL<br>\nLocation: France\t\t\t\t\t\t\t\t<\/div>\n\t\t\t\t<\/a>\n\t\t<a class=\"elementor-element elementor-element-606a7bb e-con-full e-flex e-con e-child\" data-id=\"606a7bb\" data-element_type=\"container\" data-e-type=\"container\" data-settings=\"{&quot;background_background&quot;:&quot;classic&quot;}\" href=\"\/de\/kuehne-nagel-la-dematerialisation-de-ses-processus-de-document-unique-daudit-et-de-risques\/\">\n\t\t\t\t<div class=\"elementor-element elementor-element-05984f0 elementor-widget elementor-widget-heading\" data-id=\"05984f0\" data-element_type=\"widget\" data-e-type=\"widget\" data-widget_type=\"heading.default\">\n\t\t\t\t\t<h2 class=\"elementor-heading-title elementor-size-default\">Kuehne + Nagel digitalise ses processus DU, audit et risques<\/h2>\t\t\t\t<\/div>\n\t\t\t\t<div class=\"elementor-element elementor-element-59df6e7 elementor-widget elementor-widget-text-editor\" data-id=\"59df6e7\" data-element_type=\"widget\" data-e-type=\"widget\" data-widget_type=\"text-editor.default\">\n\t\t\t\t\t\t\t\t\tSector: Logistics<br>\nDomaine : EHS\/GRC<br>\nLocation: France\t\t\t\t\t\t\t\t<\/div>\n\t\t\t\t<\/a>\n\t\t\t\t\t<\/div>\n\t\t\t\t<\/div>\n\t\t\t\t<\/div>","protected":false},"excerpt":{"rendered":"<p>D\u00e9couvrez nos r\u00e9alisations via nos cas clients : ma\u00eetrise des risques, solutions agiles, accompagnement et outils modulables pour chaque besoin !<\/p>","protected":false},"author":1,"featured_media":11219,"parent":0,"menu_order":0,"comment_status":"closed","ping_status":"closed","template":"","meta":{"_monsterinsights_skip_tracking":false,"_monsterinsights_sitenote_active":false,"_monsterinsights_sitenote_note":"","_monsterinsights_sitenote_category":0,"footnotes":""},"class_list":["post-10978","page","type-page","status-publish","has-post-thumbnail","hentry"],"yoast_head":"<!-- This site is optimized with the Yoast SEO plugin v27.4 - https:\/\/yoast.com\/product\/yoast-seo-wordpress\/ -->\n<title>Nos r\u00e9alisations - VPWhite<\/title>\n<meta name=\"description\" content=\"D\u00e9couvrez nos r\u00e9alisations via nos cas clients : ma\u00eetrise des risques, solutions agiles, accompagnement et outils modulables pour chaque besoin !\" \/>\n<meta name=\"robots\" content=\"index, follow, max-snippet:-1, max-image-preview:large, max-video-preview:-1\" \/>\n<link rel=\"canonical\" href=\"https:\/\/vpwhite.com\/de\/nos-realisations\/\" \/>\n<meta property=\"og:locale\" content=\"de_DE\" \/>\n<meta property=\"og:type\" content=\"article\" \/>\n<meta property=\"og:title\" content=\"Nos r\u00e9alisations - VPWhite\" \/>\n<meta property=\"og:description\" content=\"D\u00e9couvrez nos r\u00e9alisations via nos cas clients : ma\u00eetrise des risques, solutions agiles, accompagnement et outils modulables pour chaque besoin !\" \/>\n<meta property=\"og:url\" content=\"https:\/\/vpwhite.com\/de\/nos-realisations\/\" \/>\n<meta property=\"og:site_name\" content=\"VPWhite\" \/>\n<meta property=\"article:modified_time\" content=\"2025-12-23T10:35:21+00:00\" \/>\n<meta property=\"og:image\" content=\"https:\/\/vpwhite.com\/wp-content\/uploads\/2025\/04\/HEADER-NOS-REALISATIONS-1024x682.webp\" \/>\n\t<meta property=\"og:image:width\" content=\"1024\" \/>\n\t<meta property=\"og:image:height\" content=\"682\" \/>\n\t<meta property=\"og:image:type\" content=\"image\/webp\" \/>\n<meta name=\"twitter:card\" content=\"summary_large_image\" \/>\n<meta name=\"twitter:label1\" content=\"Gesch\u00e4tzte Lesezeit\" \/>\n\t<meta name=\"twitter:data1\" content=\"1\u00a0Minute\" \/>\n<script type=\"application\/ld+json\" class=\"yoast-schema-graph\">{\"@context\":\"https:\\\/\\\/schema.org\",\"@graph\":[{\"@type\":\"WebPage\",\"@id\":\"https:\\\/\\\/vpwhite.com\\\/nos-realisations\\\/\",\"url\":\"https:\\\/\\\/vpwhite.com\\\/nos-realisations\\\/\",\"name\":\"Nos r\u00e9alisations - VPWhite\",\"isPartOf\":{\"@id\":\"https:\\\/\\\/vpwhite.com\\\/en\\\/#website\"},\"primaryImageOfPage\":{\"@id\":\"https:\\\/\\\/vpwhite.com\\\/nos-realisations\\\/#primaryimage\"},\"image\":{\"@id\":\"https:\\\/\\\/vpwhite.com\\\/nos-realisations\\\/#primaryimage\"},\"thumbnailUrl\":\"https:\\\/\\\/vpwhite.com\\\/wp-content\\\/uploads\\\/2025\\\/04\\\/HEADER-NOS-REALISATIONS.webp\",\"datePublished\":\"2025-04-04T14:46:18+00:00\",\"dateModified\":\"2025-12-23T10:35:21+00:00\",\"description\":\"D\u00e9couvrez nos r\u00e9alisations via nos cas clients : ma\u00eetrise des risques, solutions agiles, accompagnement et outils modulables pour chaque besoin !\",\"breadcrumb\":{\"@id\":\"https:\\\/\\\/vpwhite.com\\\/nos-realisations\\\/#breadcrumb\"},\"inLanguage\":\"de\",\"potentialAction\":[{\"@type\":\"ReadAction\",\"target\":[\"https:\\\/\\\/vpwhite.com\\\/nos-realisations\\\/\"]}]},{\"@type\":\"ImageObject\",\"inLanguage\":\"de\",\"@id\":\"https:\\\/\\\/vpwhite.com\\\/nos-realisations\\\/#primaryimage\",\"url\":\"https:\\\/\\\/vpwhite.com\\\/wp-content\\\/uploads\\\/2025\\\/04\\\/HEADER-NOS-REALISATIONS.webp\",\"contentUrl\":\"https:\\\/\\\/vpwhite.com\\\/wp-content\\\/uploads\\\/2025\\\/04\\\/HEADER-NOS-REALISATIONS.webp\",\"width\":2000,\"height\":1333},{\"@type\":\"BreadcrumbList\",\"@id\":\"https:\\\/\\\/vpwhite.com\\\/nos-realisations\\\/#breadcrumb\",\"itemListElement\":[{\"@type\":\"ListItem\",\"position\":1,\"name\":\"Accueil\",\"item\":\"https:\\\/\\\/vpwhite.com\\\/\"},{\"@type\":\"ListItem\",\"position\":2,\"name\":\"Nos r\u00e9alisations\"}]},{\"@type\":\"WebSite\",\"@id\":\"https:\\\/\\\/vpwhite.com\\\/en\\\/#website\",\"url\":\"https:\\\/\\\/vpwhite.com\\\/en\\\/\",\"name\":\"VPWhite\",\"description\":\"Drive to improve\",\"publisher\":{\"@id\":\"https:\\\/\\\/vpwhite.com\\\/en\\\/#organization\"},\"potentialAction\":[{\"@type\":\"SearchAction\",\"target\":{\"@type\":\"EntryPoint\",\"urlTemplate\":\"https:\\\/\\\/vpwhite.com\\\/en\\\/?s={search_term_string}\"},\"query-input\":{\"@type\":\"PropertyValueSpecification\",\"valueRequired\":true,\"valueName\":\"search_term_string\"}}],\"inLanguage\":\"de\"},{\"@type\":\"Organization\",\"@id\":\"https:\\\/\\\/vpwhite.com\\\/en\\\/#organization\",\"name\":\"VPWhite\",\"url\":\"https:\\\/\\\/vpwhite.com\\\/en\\\/\",\"logo\":{\"@type\":\"ImageObject\",\"inLanguage\":\"de\",\"@id\":\"https:\\\/\\\/vpwhite.com\\\/en\\\/#\\\/schema\\\/logo\\\/image\\\/\",\"url\":\"https:\\\/\\\/vpwhite.com\\\/wp-content\\\/uploads\\\/2025\\\/03\\\/cropped-LOGO-BLEU-TRANSPARENT-RVB.webp\",\"contentUrl\":\"https:\\\/\\\/vpwhite.com\\\/wp-content\\\/uploads\\\/2025\\\/03\\\/cropped-LOGO-BLEU-TRANSPARENT-RVB.webp\",\"width\":1000,\"height\":279,\"caption\":\"VPWhite\"},\"image\":{\"@id\":\"https:\\\/\\\/vpwhite.com\\\/en\\\/#\\\/schema\\\/logo\\\/image\\\/\"}}]}<\/script>\n<!-- \/ Yoast SEO plugin. -->","yoast_head_json":{"title":"Nos r\u00e9alisations - VPWhite","description":"D\u00e9couvrez nos r\u00e9alisations via nos cas clients : ma\u00eetrise des risques, solutions agiles, accompagnement et outils modulables pour chaque besoin !","robots":{"index":"index","follow":"follow","max-snippet":"max-snippet:-1","max-image-preview":"max-image-preview:large","max-video-preview":"max-video-preview:-1"},"canonical":"https:\/\/vpwhite.com\/de\/nos-realisations\/","og_locale":"de_DE","og_type":"article","og_title":"Nos r\u00e9alisations - VPWhite","og_description":"D\u00e9couvrez nos r\u00e9alisations via nos cas clients : ma\u00eetrise des risques, solutions agiles, accompagnement et outils modulables pour chaque besoin !","og_url":"https:\/\/vpwhite.com\/de\/nos-realisations\/","og_site_name":"VPWhite","article_modified_time":"2025-12-23T10:35:21+00:00","og_image":[{"width":1024,"height":682,"url":"https:\/\/vpwhite.com\/wp-content\/uploads\/2025\/04\/HEADER-NOS-REALISATIONS-1024x682.webp","type":"image\/webp"}],"twitter_card":"summary_large_image","twitter_misc":{"Gesch\u00e4tzte Lesezeit":"1\u00a0Minute"},"schema":{"@context":"https:\/\/schema.org","@graph":[{"@type":"WebPage","@id":"https:\/\/vpwhite.com\/nos-realisations\/","url":"https:\/\/vpwhite.com\/nos-realisations\/","name":"Nos r\u00e9alisations - VPWhite","isPartOf":{"@id":"https:\/\/vpwhite.com\/en\/#website"},"primaryImageOfPage":{"@id":"https:\/\/vpwhite.com\/nos-realisations\/#primaryimage"},"image":{"@id":"https:\/\/vpwhite.com\/nos-realisations\/#primaryimage"},"thumbnailUrl":"https:\/\/vpwhite.com\/wp-content\/uploads\/2025\/04\/HEADER-NOS-REALISATIONS.webp","datePublished":"2025-04-04T14:46:18+00:00","dateModified":"2025-12-23T10:35:21+00:00","description":"D\u00e9couvrez nos r\u00e9alisations via nos cas clients : ma\u00eetrise des risques, solutions agiles, accompagnement et outils modulables pour chaque besoin !","breadcrumb":{"@id":"https:\/\/vpwhite.com\/nos-realisations\/#breadcrumb"},"inLanguage":"de","potentialAction":[{"@type":"ReadAction","target":["https:\/\/vpwhite.com\/nos-realisations\/"]}]},{"@type":"ImageObject","inLanguage":"de","@id":"https:\/\/vpwhite.com\/nos-realisations\/#primaryimage","url":"https:\/\/vpwhite.com\/wp-content\/uploads\/2025\/04\/HEADER-NOS-REALISATIONS.webp","contentUrl":"https:\/\/vpwhite.com\/wp-content\/uploads\/2025\/04\/HEADER-NOS-REALISATIONS.webp","width":2000,"height":1333},{"@type":"BreadcrumbList","@id":"https:\/\/vpwhite.com\/nos-realisations\/#breadcrumb","itemListElement":[{"@type":"ListItem","position":1,"name":"Accueil","item":"https:\/\/vpwhite.com\/"},{"@type":"ListItem","position":2,"name":"Nos r\u00e9alisations"}]},{"@type":"WebSite","@id":"https:\/\/vpwhite.com\/en\/#website","url":"https:\/\/vpwhite.com\/en\/","name":"VPWhite","description":"Drive to improve","publisher":{"@id":"https:\/\/vpwhite.com\/en\/#organization"},"potentialAction":[{"@type":"SearchAction","target":{"@type":"EntryPoint","urlTemplate":"https:\/\/vpwhite.com\/en\/?s={search_term_string}"},"query-input":{"@type":"PropertyValueSpecification","valueRequired":true,"valueName":"search_term_string"}}],"inLanguage":"de"},{"@type":"Organization","@id":"https:\/\/vpwhite.com\/en\/#organization","name":"VPWhite","url":"https:\/\/vpwhite.com\/en\/","logo":{"@type":"ImageObject","inLanguage":"de","@id":"https:\/\/vpwhite.com\/en\/#\/schema\/logo\/image\/","url":"https:\/\/vpwhite.com\/wp-content\/uploads\/2025\/03\/cropped-LOGO-BLEU-TRANSPARENT-RVB.webp","contentUrl":"https:\/\/vpwhite.com\/wp-content\/uploads\/2025\/03\/cropped-LOGO-BLEU-TRANSPARENT-RVB.webp","width":1000,"height":279,"caption":"VPWhite"},"image":{"@id":"https:\/\/vpwhite.com\/en\/#\/schema\/logo\/image\/"}}]}},"_links":{"self":[{"href":"https:\/\/vpwhite.com\/de\/wp-json\/wp\/v2\/pages\/10978","targetHints":{"allow":["GET"]}}],"collection":[{"href":"https:\/\/vpwhite.com\/de\/wp-json\/wp\/v2\/pages"}],"about":[{"href":"https:\/\/vpwhite.com\/de\/wp-json\/wp\/v2\/types\/page"}],"author":[{"embeddable":true,"href":"https:\/\/vpwhite.com\/de\/wp-json\/wp\/v2\/users\/1"}],"replies":[{"embeddable":true,"href":"https:\/\/vpwhite.com\/de\/wp-json\/wp\/v2\/comments?post=10978"}],"version-history":[{"count":88,"href":"https:\/\/vpwhite.com\/de\/wp-json\/wp\/v2\/pages\/10978\/revisions"}],"predecessor-version":[{"id":13728,"href":"https:\/\/vpwhite.com\/de\/wp-json\/wp\/v2\/pages\/10978\/revisions\/13728"}],"wp:featuredmedia":[{"embeddable":true,"href":"https:\/\/vpwhite.com\/de\/wp-json\/wp\/v2\/media\/11219"}],"wp:attachment":[{"href":"https:\/\/vpwhite.com\/de\/wp-json\/wp\/v2\/media?parent=10978"}],"curies":[{"name":"wp","href":"https:\/\/api.w.org\/{rel}","templated":true}]}}