{"id":10817,"date":"2025-03-04T11:07:14","date_gmt":"2025-03-04T11:07:14","guid":{"rendered":"https:\/\/vpwhite.com\/?page_id=10817"},"modified":"2026-02-25T16:34:46","modified_gmt":"2026-02-25T16:34:46","slug":"index","status":"publish","type":"page","link":"https:\/\/vpwhite.com\/de\/index\/","title":{"rendered":"INDEX"},"content":{"rendered":"<div data-elementor-type=\"wp-page\" data-elementor-id=\"10817\" class=\"elementor elementor-10817\" data-elementor-post-type=\"page\">\n\t\t\t\t<div class=\"elementor-element elementor-element-8f76d7b e-con-full e-flex e-con e-parent\" data-id=\"8f76d7b\" data-element_type=\"container\" data-e-type=\"container\" data-settings=\"{&quot;background_background&quot;:&quot;classic&quot;}\">\n\t\t<div class=\"elementor-element elementor-element-9e6aa6b e-flex e-con-boxed e-con e-child\" data-id=\"9e6aa6b\" data-element_type=\"container\" data-e-type=\"container\">\n\t\t\t\t\t<div class=\"e-con-inner\">\n\t\t\t\t<div class=\"elementor-element elementor-element-2afb534 elementor-widget__width-initial elementor-widget-mobile__width-inherit elementor-widget-tablet__width-inherit elementor-widget elementor-widget-heading\" data-id=\"2afb534\" data-element_type=\"widget\" data-e-type=\"widget\" data-widget_type=\"heading.default\">\n\t\t\t\t\t<h1 class=\"elementor-heading-title elementor-size-default\">Gender equality index 2025<\/h1>\t\t\t\t<\/div>\n\t\t\t\t<div class=\"elementor-element elementor-element-4d24989 elementor-widget__width-initial elementor-widget-mobile__width-inherit elementor-widget elementor-widget-heading\" data-id=\"4d24989\" data-element_type=\"widget\" data-e-type=\"widget\" data-widget_type=\"heading.default\">\n\t\t\t\t\t<h2 class=\"elementor-heading-title elementor-size-default\">With a score of <span style=\"font-weight:700\">93\/100<\/span>, the VPWhite index reflects its strong and ongoing commitment to professional equality.<\/h2>\t\t\t\t<\/div>\n\t\t\t\t\t<\/div>\n\t\t\t\t<\/div>\n\t\t\t\t<\/div>\n\t\t<div class=\"elementor-element elementor-element-bc45f10 e-flex e-con-boxed e-con e-parent\" data-id=\"bc45f10\" data-element_type=\"container\" data-e-type=\"container\">\n\t\t\t\t\t<div class=\"e-con-inner\">\n\t\t\t\t<div class=\"elementor-element elementor-element-909c74a elementor-widget__width-initial elementor-widget-mobile__width-inherit elementor-widget elementor-widget-heading\" data-id=\"909c74a\" data-element_type=\"widget\" data-e-type=\"widget\" data-widget_type=\"heading.default\">\n\t\t\t\t\t<h2 class=\"elementor-heading-title elementor-size-default\">At VPWhite, we are committed to ensuring equality between women and men.<\/h2>\t\t\t\t<\/div>\n\t\t\t\t<div class=\"elementor-element elementor-element-014b74c elementor-widget__width-initial elementor-widget-mobile__width-inherit elementor-widget elementor-widget-heading\" data-id=\"014b74c\" data-element_type=\"widget\" data-e-type=\"widget\" data-widget_type=\"heading.default\">\n\t\t\t\t\t<p class=\"elementor-heading-title elementor-size-default\">In accordance with legal requirements, VPWhite publishes its annual <b>Gender equality index<\/b>, enabling the assessment of pay gaps between women and men in equivalent positions and of equivalent age. <\/p>\t\t\t\t<\/div>\n\t\t\t\t\t<\/div>\n\t\t\t\t<\/div>\n\t\t<div class=\"elementor-element elementor-element-3eca31d e-flex e-con-boxed e-con e-parent\" data-id=\"3eca31d\" data-element_type=\"container\" data-e-type=\"container\" data-settings=\"{&quot;background_background&quot;:&quot;classic&quot;}\">\n\t\t\t\t\t<div class=\"e-con-inner\">\n\t\t\t\t<div class=\"elementor-element elementor-element-9f913d4 elementor-widget__width-initial elementor-widget-mobile__width-inherit elementor-widget elementor-widget-text-editor\" data-id=\"9f913d4\" data-element_type=\"widget\" data-e-type=\"widget\" data-widget_type=\"text-editor.default\">\n\t\t\t\t\t\t\t\t\tR\u00e9sultats de l&rsquo;index 2025 pour VPWhite\t\t\t\t\t\t\t\t<\/div>\n\t\t<div class=\"elementor-element elementor-element-b552038 e-flex e-con-boxed e-con e-child\" data-id=\"b552038\" data-element_type=\"container\" data-e-type=\"container\">\n\t\t\t\t\t<div class=\"e-con-inner\">\n\t\t\t\t<div class=\"elementor-element elementor-element-9274bb3 elementor-widget elementor-widget-text-editor\" data-id=\"9274bb3\" data-element_type=\"widget\" data-e-type=\"widget\" data-widget_type=\"text-editor.default\">\n\t\t\t\t\t\t\t\t\t93\t\t\t\t\t\t\t\t<\/div>\n\t\t\t\t<div class=\"elementor-element elementor-element-b30228e elementor-widget elementor-widget-text-editor\" data-id=\"b30228e\" data-element_type=\"widget\" data-e-type=\"widget\" data-widget_type=\"text-editor.default\">\n\t\t\t\t\t\t\t\t\tout of 100\t\t\t\t\t\t\t\t<\/div>\n\t\t<div class=\"elementor-element elementor-element-da3db3f e-con-full e-flex e-con e-child\" data-id=\"da3db3f\" data-element_type=\"container\" data-e-type=\"container\">\n\t\t<div class=\"elementor-element elementor-element-04c7837 e-con-full e-flex e-con e-child\" data-id=\"04c7837\" data-element_type=\"container\" data-e-type=\"container\">\n\t\t\t\t<div class=\"elementor-element elementor-element-e532a48 elementor-widget__width-initial elementor-widget-tablet__width-inherit elementor-widget elementor-widget-text-editor\" data-id=\"e532a48\" data-element_type=\"widget\" data-e-type=\"widget\" data-widget_type=\"text-editor.default\">\n\t\t\t\t\t\t\t\t\tRelative deviation from the<br> remuneration\t\t\t\t\t\t\t\t<\/div>\n\t\t<div class=\"elementor-element elementor-element-c26f4bd e-con-full e-transform e-flex e-con e-child\" data-id=\"c26f4bd\" data-element_type=\"container\" data-e-type=\"container\" data-settings=\"{&quot;_transform_scale_effect&quot;:{&quot;unit&quot;:&quot;px&quot;,&quot;size&quot;:0.8,&quot;sizes&quot;:[]},&quot;_transform_scale_effect_tablet&quot;:{&quot;unit&quot;:&quot;px&quot;,&quot;size&quot;:&quot;&quot;,&quot;sizes&quot;:[]},&quot;_transform_scale_effect_mobile&quot;:{&quot;unit&quot;:&quot;px&quot;,&quot;size&quot;:&quot;&quot;,&quot;sizes&quot;:[]}}\">\n\t\t\t\t<div class=\"elementor-element elementor-element-b341f9f elementor-widget elementor-widget-text-editor\" data-id=\"b341f9f\" data-element_type=\"widget\" data-e-type=\"widget\" data-widget_type=\"text-editor.default\">\n\t\t\t\t\t\t\t\t\t39\t\t\t\t\t\t\t\t<\/div>\n\t\t\t\t<div class=\"elementor-element elementor-element-41e5866 elementor-widget__width-initial elementor-widget-tablet__width-inherit elementor-widget elementor-widget-text-editor\" data-id=\"41e5866\" data-element_type=\"widget\" data-e-type=\"widget\" data-widget_type=\"text-editor.default\">\n\t\t\t\t\t\t\t\t\tout of 40\t\t\t\t\t\t\t\t<\/div>\n\t\t\t\t<\/div>\n\t\t\t\t<\/div>\n\t\t<div class=\"elementor-element elementor-element-6e4e0fc e-con-full e-flex e-con e-child\" data-id=\"6e4e0fc\" data-element_type=\"container\" data-e-type=\"container\">\n\t\t\t\t<div class=\"elementor-element elementor-element-93986f7 elementor-widget__width-initial elementor-widget-tablet__width-inherit elementor-widget elementor-widget-text-editor\" data-id=\"93986f7\" data-element_type=\"widget\" data-e-type=\"widget\" data-widget_type=\"text-editor.default\">\n\t\t\t\t\t\t\t\t\tIndividual rate of increase difference\t\t\t\t\t\t\t\t<\/div>\n\t\t<div class=\"elementor-element elementor-element-19fe750 e-con-full e-transform e-flex e-con e-child\" data-id=\"19fe750\" data-element_type=\"container\" data-e-type=\"container\" data-settings=\"{&quot;_transform_scale_effect&quot;:{&quot;unit&quot;:&quot;px&quot;,&quot;size&quot;:0.8,&quot;sizes&quot;:[]},&quot;_transform_scale_effect_tablet&quot;:{&quot;unit&quot;:&quot;px&quot;,&quot;size&quot;:&quot;&quot;,&quot;sizes&quot;:[]},&quot;_transform_scale_effect_mobile&quot;:{&quot;unit&quot;:&quot;px&quot;,&quot;size&quot;:&quot;&quot;,&quot;sizes&quot;:[]}}\">\n\t\t\t\t<div class=\"elementor-element elementor-element-18bca92 elementor-widget elementor-widget-text-editor\" data-id=\"18bca92\" data-element_type=\"widget\" data-e-type=\"widget\" data-widget_type=\"text-editor.default\">\n\t\t\t\t\t\t\t\t\t35\t\t\t\t\t\t\t\t<\/div>\n\t\t\t\t<div class=\"elementor-element elementor-element-ad4cf95 elementor-widget__width-initial elementor-widget-tablet__width-inherit elementor-widget elementor-widget-text-editor\" data-id=\"ad4cf95\" data-element_type=\"widget\" data-e-type=\"widget\" data-widget_type=\"text-editor.default\">\n\t\t\t\t\t\t\t\t\tout of 35\t\t\t\t\t\t\t\t<\/div>\n\t\t\t\t<\/div>\n\t\t\t\t<\/div>\n\t\t<div class=\"elementor-element elementor-element-41af10f e-con-full e-flex e-con e-child\" data-id=\"41af10f\" data-element_type=\"container\" data-e-type=\"container\">\n\t\t\t\t<div class=\"elementor-element elementor-element-cc85df2 elementor-widget__width-initial elementor-widget-tablet__width-inherit elementor-widget elementor-widget-text-editor\" data-id=\"cc85df2\" data-element_type=\"widget\" data-e-type=\"widget\" data-widget_type=\"text-editor.default\">\n\t\t\t\t\t\t\t\t\tGender underrepresented among the 10 highest earners\t\t\t\t\t\t\t\t<\/div>\n\t\t<div class=\"elementor-element elementor-element-dc41f6a e-con-full e-transform e-flex e-con e-child\" data-id=\"dc41f6a\" data-element_type=\"container\" data-e-type=\"container\" data-settings=\"{&quot;_transform_scale_effect&quot;:{&quot;unit&quot;:&quot;px&quot;,&quot;size&quot;:0.8,&quot;sizes&quot;:[]},&quot;_transform_scale_effect_tablet&quot;:{&quot;unit&quot;:&quot;px&quot;,&quot;size&quot;:&quot;&quot;,&quot;sizes&quot;:[]},&quot;_transform_scale_effect_mobile&quot;:{&quot;unit&quot;:&quot;px&quot;,&quot;size&quot;:&quot;&quot;,&quot;sizes&quot;:[]}}\">\n\t\t\t\t<div class=\"elementor-element elementor-element-8d983d3 elementor-widget elementor-widget-text-editor\" data-id=\"8d983d3\" data-element_type=\"widget\" data-e-type=\"widget\" data-widget_type=\"text-editor.default\">\n\t\t\t\t\t\t\t\t\t5\t\t\t\t\t\t\t\t<\/div>\n\t\t\t\t<div class=\"elementor-element elementor-element-683cac7 elementor-widget__width-initial elementor-widget-tablet__width-inherit elementor-widget elementor-widget-text-editor\" data-id=\"683cac7\" data-element_type=\"widget\" data-e-type=\"widget\" data-widget_type=\"text-editor.default\">\n\t\t\t\t\t\t\t\t\tout of 10\t\t\t\t\t\t\t\t<\/div>\n\t\t\t\t<\/div>\n\t\t\t\t<\/div>\n\t\t\t\t<\/div>\n\t\t\t\t\t<\/div>\n\t\t\t\t<\/div>\n\t\t\t\t\t<\/div>\n\t\t\t\t<\/div>\n\t\t<div class=\"elementor-element elementor-element-6e1d0a0 e-con-full e-flex e-con e-parent\" data-id=\"6e1d0a0\" data-element_type=\"container\" data-e-type=\"container\" data-settings=\"{&quot;background_background&quot;:&quot;classic&quot;}\">\n\t\t<div class=\"elementor-element elementor-element-72ee2d7 e-flex e-con-boxed e-con e-child\" data-id=\"72ee2d7\" data-element_type=\"container\" data-e-type=\"container\">\n\t\t\t\t\t<div class=\"e-con-inner\">\n\t\t\t\t<div class=\"elementor-element elementor-element-62293af elementor-widget__width-initial elementor-widget elementor-widget-heading\" data-id=\"62293af\" data-element_type=\"widget\" data-e-type=\"widget\" data-widget_type=\"heading.default\">\n\t\t\t\t\t<h2 class=\"elementor-heading-title elementor-size-default\">Would you like to join VPWhite?<\/h2>\t\t\t\t<\/div>\n\t\t\t\t<div class=\"elementor-element elementor-element-4aed45a elementor-widget__width-auto elementor-widget elementor-widget-button\" data-id=\"4aed45a\" data-element_type=\"widget\" data-e-type=\"widget\" data-widget_type=\"button.default\">\n\t\t\t\t\t\t\t\t\t\t<a class=\"elementor-button elementor-button-link elementor-size-sm\" href=\"\/de\/recrutement\/\">\n\t\t\t\t\t\t<span class=\"elementor-button-content-wrapper\">\n\t\t\t\t\t\t\t\t\t<span class=\"elementor-button-text\">Discover all our job vacancies<\/span>\n\t\t\t\t\t<\/span>\n\t\t\t\t\t<\/a>\n\t\t\t\t\t\t\t\t<\/div>\n\t\t\t\t\t<\/div>\n\t\t\t\t<\/div>\n\t\t\t\t<\/div>\n\t\t\t\t<\/div>","protected":false},"excerpt":{"rendered":"<p>Index d\u2019\u00e9galit\u00e9 professionnelle femmes-hommes 2025 Avec un score de 93\/100, l\u2019index de VPWhite refl\u00e8te son engagement fort et continu en faveur de l\u2019\u00e9galit\u00e9 professionnelle. Chez VPWhite, nous nous engageons \u00e0 garantir l\u2019\u00e9galit\u00e9 entre les femmes et les hommes Conform\u00e9ment aux exigences l\u00e9gales, VPWhite publie chaque ann\u00e9e son Index d\u2019\u00e9galit\u00e9 fommes et hommes, permettant d\u2019\u00e9valuer les [&hellip;]<\/p>\n","protected":false},"author":1,"featured_media":0,"parent":0,"menu_order":0,"comment_status":"closed","ping_status":"closed","template":"","meta":{"_monsterinsights_skip_tracking":false,"_monsterinsights_sitenote_active":false,"_monsterinsights_sitenote_note":"","_monsterinsights_sitenote_category":0,"footnotes":""},"class_list":["post-10817","page","type-page","status-publish","hentry"],"yoast_head":"<!-- This site is optimized with the Yoast SEO plugin v27.4 - https:\/\/yoast.com\/product\/yoast-seo-wordpress\/ -->\n<title>INDEX - VPWhite<\/title>\n<meta name=\"robots\" content=\"index, follow, max-snippet:-1, max-image-preview:large, max-video-preview:-1\" \/>\n<link rel=\"canonical\" href=\"https:\/\/vpwhite.com\/de\/index\/\" \/>\n<meta property=\"og:locale\" content=\"de_DE\" \/>\n<meta property=\"og:type\" content=\"article\" \/>\n<meta property=\"og:title\" content=\"INDEX - VPWhite\" \/>\n<meta property=\"og:description\" content=\"Index d\u2019\u00e9galit\u00e9 professionnelle femmes-hommes 2025 Avec un score de 93\/100, l\u2019index de VPWhite refl\u00e8te son engagement fort et continu en faveur de l\u2019\u00e9galit\u00e9 professionnelle. Chez VPWhite, nous nous engageons \u00e0 garantir l\u2019\u00e9galit\u00e9 entre les femmes et les hommes Conform\u00e9ment aux exigences l\u00e9gales, VPWhite publie chaque ann\u00e9e son Index d\u2019\u00e9galit\u00e9 fommes et hommes, permettant d\u2019\u00e9valuer les [&hellip;]\" \/>\n<meta property=\"og:url\" content=\"https:\/\/vpwhite.com\/de\/index\/\" \/>\n<meta property=\"og:site_name\" content=\"VPWhite\" \/>\n<meta property=\"article:modified_time\" content=\"2026-02-25T16:34:46+00:00\" \/>\n<meta name=\"twitter:card\" content=\"summary_large_image\" \/>\n<meta name=\"twitter:label1\" content=\"Gesch\u00e4tzte Lesezeit\" \/>\n\t<meta name=\"twitter:data1\" content=\"1\u00a0Minute\" \/>\n<script type=\"application\/ld+json\" class=\"yoast-schema-graph\">{\"@context\":\"https:\\\/\\\/schema.org\",\"@graph\":[{\"@type\":\"WebPage\",\"@id\":\"https:\\\/\\\/vpwhite.com\\\/index\\\/\",\"url\":\"https:\\\/\\\/vpwhite.com\\\/index\\\/\",\"name\":\"INDEX - VPWhite\",\"isPartOf\":{\"@id\":\"https:\\\/\\\/vpwhite.com\\\/en\\\/#website\"},\"datePublished\":\"2025-03-04T11:07:14+00:00\",\"dateModified\":\"2026-02-25T16:34:46+00:00\",\"breadcrumb\":{\"@id\":\"https:\\\/\\\/vpwhite.com\\\/index\\\/#breadcrumb\"},\"inLanguage\":\"de\",\"potentialAction\":[{\"@type\":\"ReadAction\",\"target\":[\"https:\\\/\\\/vpwhite.com\\\/index\\\/\"]}]},{\"@type\":\"BreadcrumbList\",\"@id\":\"https:\\\/\\\/vpwhite.com\\\/index\\\/#breadcrumb\",\"itemListElement\":[{\"@type\":\"ListItem\",\"position\":1,\"name\":\"Accueil\",\"item\":\"https:\\\/\\\/vpwhite.com\\\/\"},{\"@type\":\"ListItem\",\"position\":2,\"name\":\"INDEX\"}]},{\"@type\":\"WebSite\",\"@id\":\"https:\\\/\\\/vpwhite.com\\\/en\\\/#website\",\"url\":\"https:\\\/\\\/vpwhite.com\\\/en\\\/\",\"name\":\"VPWhite\",\"description\":\"Drive to improve\",\"publisher\":{\"@id\":\"https:\\\/\\\/vpwhite.com\\\/en\\\/#organization\"},\"potentialAction\":[{\"@type\":\"SearchAction\",\"target\":{\"@type\":\"EntryPoint\",\"urlTemplate\":\"https:\\\/\\\/vpwhite.com\\\/en\\\/?s={search_term_string}\"},\"query-input\":{\"@type\":\"PropertyValueSpecification\",\"valueRequired\":true,\"valueName\":\"search_term_string\"}}],\"inLanguage\":\"de\"},{\"@type\":\"Organization\",\"@id\":\"https:\\\/\\\/vpwhite.com\\\/en\\\/#organization\",\"name\":\"VPWhite\",\"url\":\"https:\\\/\\\/vpwhite.com\\\/en\\\/\",\"logo\":{\"@type\":\"ImageObject\",\"inLanguage\":\"de\",\"@id\":\"https:\\\/\\\/vpwhite.com\\\/en\\\/#\\\/schema\\\/logo\\\/image\\\/\",\"url\":\"https:\\\/\\\/vpwhite.com\\\/wp-content\\\/uploads\\\/2025\\\/03\\\/cropped-LOGO-BLEU-TRANSPARENT-RVB.webp\",\"contentUrl\":\"https:\\\/\\\/vpwhite.com\\\/wp-content\\\/uploads\\\/2025\\\/03\\\/cropped-LOGO-BLEU-TRANSPARENT-RVB.webp\",\"width\":1000,\"height\":279,\"caption\":\"VPWhite\"},\"image\":{\"@id\":\"https:\\\/\\\/vpwhite.com\\\/en\\\/#\\\/schema\\\/logo\\\/image\\\/\"}}]}<\/script>\n<!-- \/ Yoast SEO plugin. -->","yoast_head_json":{"title":"INDEX - VPWhite","robots":{"index":"index","follow":"follow","max-snippet":"max-snippet:-1","max-image-preview":"max-image-preview:large","max-video-preview":"max-video-preview:-1"},"canonical":"https:\/\/vpwhite.com\/de\/index\/","og_locale":"de_DE","og_type":"article","og_title":"INDEX - VPWhite","og_description":"Index d\u2019\u00e9galit\u00e9 professionnelle femmes-hommes 2025 Avec un score de 93\/100, l\u2019index de VPWhite refl\u00e8te son engagement fort et continu en faveur de l\u2019\u00e9galit\u00e9 professionnelle. Chez VPWhite, nous nous engageons \u00e0 garantir l\u2019\u00e9galit\u00e9 entre les femmes et les hommes Conform\u00e9ment aux exigences l\u00e9gales, VPWhite publie chaque ann\u00e9e son Index d\u2019\u00e9galit\u00e9 fommes et hommes, permettant d\u2019\u00e9valuer les [&hellip;]","og_url":"https:\/\/vpwhite.com\/de\/index\/","og_site_name":"VPWhite","article_modified_time":"2026-02-25T16:34:46+00:00","twitter_card":"summary_large_image","twitter_misc":{"Gesch\u00e4tzte Lesezeit":"1\u00a0Minute"},"schema":{"@context":"https:\/\/schema.org","@graph":[{"@type":"WebPage","@id":"https:\/\/vpwhite.com\/index\/","url":"https:\/\/vpwhite.com\/index\/","name":"INDEX - VPWhite","isPartOf":{"@id":"https:\/\/vpwhite.com\/en\/#website"},"datePublished":"2025-03-04T11:07:14+00:00","dateModified":"2026-02-25T16:34:46+00:00","breadcrumb":{"@id":"https:\/\/vpwhite.com\/index\/#breadcrumb"},"inLanguage":"de","potentialAction":[{"@type":"ReadAction","target":["https:\/\/vpwhite.com\/index\/"]}]},{"@type":"BreadcrumbList","@id":"https:\/\/vpwhite.com\/index\/#breadcrumb","itemListElement":[{"@type":"ListItem","position":1,"name":"Accueil","item":"https:\/\/vpwhite.com\/"},{"@type":"ListItem","position":2,"name":"INDEX"}]},{"@type":"WebSite","@id":"https:\/\/vpwhite.com\/en\/#website","url":"https:\/\/vpwhite.com\/en\/","name":"VPWhite","description":"Drive to improve","publisher":{"@id":"https:\/\/vpwhite.com\/en\/#organization"},"potentialAction":[{"@type":"SearchAction","target":{"@type":"EntryPoint","urlTemplate":"https:\/\/vpwhite.com\/en\/?s={search_term_string}"},"query-input":{"@type":"PropertyValueSpecification","valueRequired":true,"valueName":"search_term_string"}}],"inLanguage":"de"},{"@type":"Organization","@id":"https:\/\/vpwhite.com\/en\/#organization","name":"VPWhite","url":"https:\/\/vpwhite.com\/en\/","logo":{"@type":"ImageObject","inLanguage":"de","@id":"https:\/\/vpwhite.com\/en\/#\/schema\/logo\/image\/","url":"https:\/\/vpwhite.com\/wp-content\/uploads\/2025\/03\/cropped-LOGO-BLEU-TRANSPARENT-RVB.webp","contentUrl":"https:\/\/vpwhite.com\/wp-content\/uploads\/2025\/03\/cropped-LOGO-BLEU-TRANSPARENT-RVB.webp","width":1000,"height":279,"caption":"VPWhite"},"image":{"@id":"https:\/\/vpwhite.com\/en\/#\/schema\/logo\/image\/"}}]}},"_links":{"self":[{"href":"https:\/\/vpwhite.com\/de\/wp-json\/wp\/v2\/pages\/10817","targetHints":{"allow":["GET"]}}],"collection":[{"href":"https:\/\/vpwhite.com\/de\/wp-json\/wp\/v2\/pages"}],"about":[{"href":"https:\/\/vpwhite.com\/de\/wp-json\/wp\/v2\/types\/page"}],"author":[{"embeddable":true,"href":"https:\/\/vpwhite.com\/de\/wp-json\/wp\/v2\/users\/1"}],"replies":[{"embeddable":true,"href":"https:\/\/vpwhite.com\/de\/wp-json\/wp\/v2\/comments?post=10817"}],"version-history":[{"count":48,"href":"https:\/\/vpwhite.com\/de\/wp-json\/wp\/v2\/pages\/10817\/revisions"}],"predecessor-version":[{"id":13824,"href":"https:\/\/vpwhite.com\/de\/wp-json\/wp\/v2\/pages\/10817\/revisions\/13824"}],"wp:attachment":[{"href":"https:\/\/vpwhite.com\/de\/wp-json\/wp\/v2\/media?parent=10817"}],"curies":[{"name":"wp","href":"https:\/\/api.w.org\/{rel}","templated":true}]}}